{"id":999,"date":"2025-08-19T13:30:24","date_gmt":"2025-08-19T12:30:24","guid":{"rendered":"https:\/\/www.formalogo.be\/?page_id=999"},"modified":"2026-03-15T13:21:47","modified_gmt":"2026-03-15T12:21:47","slug":"jeu-mathoie","status":"publish","type":"page","link":"https:\/\/www.formalogo.be\/?page_id=999","title":{"rendered":"Jeu Mathoie"},"content":{"rendered":"\n<p>Jeu tr\u00e8s complet pour construire et travailler l\u2019ensemble des domaines pouvant poser probl\u00e8mes chez les enfants souffrant de difficult\u00e9s en math\u00e9matiques.<\/p>\n\n\n\n<p><strong>De quoi s\u2019agit-il ?<\/strong><\/p>\n\n\n\n<p>Le jeu <strong>Mathoie<\/strong> est compos\u00e9 de + de 160 questions (toutes tr\u00e8s diff\u00e9rentes et facilement modulables) et d\u2019un support tout \u00e0 fait original, tenant compte des derni\u00e8res d\u00e9couvertes en neurosciences, stimulant \u00e0 la fois la vue, le toucher et l\u2019audition.<\/p>\n\n\n\n<p>Ce support va permettre une meilleure compr\u00e9hension des relations entre les nombres (aspect ordinal) et la prise de conscience de l\u2019inclusion des nombres entre eux (aspect cardinal).<\/p>\n\n\n\n<p>Gr\u00e2ce lui, le d\u00e9nombrement (qui n\u2019est autre que l\u2019une des voies d\u2019acc\u00e8s aux diff\u00e9rentes op\u00e9rations) est travaill\u00e9 de mani\u00e8re ludique et concr\u00e8te.<\/p>\n\n\n\n<p>Diff\u00e9rents calculs sont v\u00e9cus (manipul\u00e9s et\/ou anticip\u00e9s mentalement) et les sp\u00e9cificit\u00e9s de notre num\u00e9ration spatiale s\u2019int\u00e8grent de mani\u00e8re tout \u00e0 fait naturelle : les paquets de 10 d\u2019abord (les dizaines) et les billes seules ensuite (les unit\u00e9s).<\/p>\n\n\n\n<p><strong>Sp\u00e9cificit\u00e9s :<\/strong><\/p>\n\n\n\n<p>Le jeu Mathoie permet \u00e0 l\u2019intervenant de cibler avec pr\u00e9cision les difficult\u00e9s et domaines sp\u00e9cifiques \u00e0 travailler ou \u00e0 approfondir en priorit\u00e9 avec l\u2019enfant.<\/p>\n\n\n\n<p>Il va l\u2019aider \u00e0 mieux comprendre les liens entre les activit\u00e9s num\u00e9riques et les activit\u00e9s non num\u00e9riques (pr\u00e9requis, comptages et logiques).<\/p>\n\n\n\n<p>Tant pour l\u2019enfant que pour l\u2019intervenant, les liens entre les diff\u00e9rentes logiques et les op\u00e9rations math\u00e9matiques deviennent clairs.<\/p>\n\n\n\n<p>Son support tr\u00e8s color\u00e9 attire l\u2019int\u00e9r\u00eat de l\u2019enfant et lui permet de nombreuses d\u00e9couvertes et constructions logiques.<\/p>\n\n\n\n<p>Des exemples de questions sont propos\u00e9s afin de pouvoir en inventer d\u2019autres et de les adapter au niveau de l\u2019enfant.<\/p>\n\n\n\n<p>Des notions complexes sont abord\u00e9es de mani\u00e8re ludique et les progr\u00e8s au niveau num\u00e9rique se ressentent rapidement.<\/p>\n\n\n\n<figure class=\"wp-block-image\"><a href=\"http:\/\/www.formalogo.be\/wp-content\/uploads\/2014\/11\/photo-jeu-complet-clair-2.jpg\"><img loading=\"lazy\" decoding=\"async\" width=\"300\" height=\"225\" src=\"http:\/\/www.formalogo.be\/wp-content\/uploads\/2014\/11\/photo-jeu-complet-clair-2-300x225.jpg\" alt=\"photo jeu complet clair (2)\" class=\"wp-image-134\" srcset=\"https:\/\/www.formalogo.be\/wp-content\/uploads\/2014\/11\/photo-jeu-complet-clair-2-300x225.jpg 300w, https:\/\/www.formalogo.be\/wp-content\/uploads\/2014\/11\/photo-jeu-complet-clair-2-1024x768.jpg 1024w, https:\/\/www.formalogo.be\/wp-content\/uploads\/2014\/11\/photo-jeu-complet-clair-2-624x467.jpg 624w, https:\/\/www.formalogo.be\/wp-content\/uploads\/2014\/11\/photo-jeu-complet-clair-2.jpg 1632w\" sizes=\"auto, (max-width: 300px) 100vw, 300px\" \/><\/a><\/figure>\n\n\n\n<figure class=\"wp-block-image\"><a href=\"http:\/\/www.formalogo.be\/wp-content\/uploads\/2021\/11\/out-of-the-books.jpg\"><img loading=\"lazy\" decoding=\"async\" width=\"300\" height=\"200\" src=\"http:\/\/www.formalogo.be\/wp-content\/uploads\/2021\/11\/out-of-the-books-300x200.jpg\" alt=\"\" class=\"wp-image-577\" srcset=\"https:\/\/www.formalogo.be\/wp-content\/uploads\/2021\/11\/out-of-the-books-300x200.jpg 300w, https:\/\/www.formalogo.be\/wp-content\/uploads\/2021\/11\/out-of-the-books-768x511.jpg 768w, https:\/\/www.formalogo.be\/wp-content\/uploads\/2021\/11\/out-of-the-books-624x415.jpg 624w, https:\/\/www.formalogo.be\/wp-content\/uploads\/2021\/11\/out-of-the-books.jpg 812w\" sizes=\"auto, (max-width: 300px) 100vw, 300px\" \/><\/a><\/figure>\n\n\n\n<figure class=\"wp-block-embed is-type-video is-provider-youtube wp-block-embed-youtube wp-embed-aspect-16-9 wp-has-aspect-ratio\"><div class=\"wp-block-embed__wrapper\">\n<iframe loading=\"lazy\" title=\"Jeu math\u00e9matique Mathoie\" width=\"625\" height=\"352\" src=\"https:\/\/www.youtube.com\/embed\/W_NQWHX8ZoU?feature=oembed\" frameborder=\"0\" allow=\"accelerometer; autoplay; clipboard-write; encrypted-media; gyroscope; picture-in-picture; web-share\" referrerpolicy=\"strict-origin-when-cross-origin\" allowfullscreen><\/iframe>\n<\/div><\/figure>\n\n\n\n<p>Pour commander le jeu Mathoie, au prix de 121\u20ac (TVAC, hors frais de port) merci de compl\u00e9ter le formulaire ci-dessous :<\/p>\n\n\n\n<div class=\"wpcf7 no-js\" id=\"wpcf7-f416-o1\" lang=\"fr-FR\" dir=\"ltr\" data-wpcf7-id=\"416\">\n<div class=\"screen-reader-response\"><p role=\"status\" aria-live=\"polite\" aria-atomic=\"true\"><\/p> <ul><\/ul><\/div>\n<form action=\"\/index.php?rest_route=%2Fwp%2Fv2%2Fpages%2F999#wpcf7-f416-o1\" method=\"post\" class=\"wpcf7-form init\" aria-label=\"Formulaire de contact\" novalidate=\"novalidate\" data-status=\"init\">\n<fieldset class=\"hidden-fields-container\"><input type=\"hidden\" name=\"_wpcf7\" value=\"416\" \/><input type=\"hidden\" name=\"_wpcf7_version\" value=\"6.1.5\" \/><input type=\"hidden\" name=\"_wpcf7_locale\" value=\"fr_FR\" \/><input type=\"hidden\" name=\"_wpcf7_unit_tag\" value=\"wpcf7-f416-o1\" \/><input type=\"hidden\" name=\"_wpcf7_container_post\" value=\"0\" \/><input type=\"hidden\" name=\"_wpcf7_posted_data_hash\" value=\"\" \/><input type=\"hidden\" name=\"_wpcf7_recaptcha_response\" value=\"\" \/>\n<\/fieldset>\n<p><label> Pr\u00e9nom*<br \/>\n<span class=\"wpcf7-form-control-wrap\" data-name=\"prenom\"><input size=\"40\" maxlength=\"400\" class=\"wpcf7-form-control wpcf7-text wpcf7-validates-as-required\" aria-required=\"true\" aria-invalid=\"false\" value=\"\" type=\"text\" name=\"prenom\" \/><\/span> <\/label>\n<\/p>\n<p><label> Nom*<br \/>\n<span class=\"wpcf7-form-control-wrap\" data-name=\"nom\"><input size=\"40\" maxlength=\"400\" class=\"wpcf7-form-control wpcf7-text wpcf7-validates-as-required\" aria-required=\"true\" aria-invalid=\"false\" value=\"\" type=\"text\" name=\"nom\" \/><\/span> <\/label>\n<\/p>\n<p><label> Adresse*<br \/>\n<span class=\"wpcf7-form-control-wrap\" data-name=\"adresse\"><input size=\"40\" maxlength=\"400\" class=\"wpcf7-form-control wpcf7-text wpcf7-validates-as-required\" aria-required=\"true\" aria-invalid=\"false\" value=\"\" type=\"text\" name=\"adresse\" \/><\/span> <\/label>\n<\/p>\n<p><label> email*<br \/>\n<span class=\"wpcf7-form-control-wrap\" data-name=\"your-email\"><input size=\"40\" maxlength=\"400\" class=\"wpcf7-form-control wpcf7-email wpcf7-validates-as-required wpcf7-text wpcf7-validates-as-email\" aria-required=\"true\" aria-invalid=\"false\" value=\"\" type=\"email\" name=\"your-email\" \/><\/span> <\/label>\n<\/p>\n<p><label> T\u00e9l\u00e9phone*<br \/>\n<span class=\"wpcf7-form-control-wrap\" data-name=\"telephone\"><input size=\"40\" maxlength=\"400\" class=\"wpcf7-form-control wpcf7-tel wpcf7-validates-as-required wpcf7-text wpcf7-validates-as-tel\" aria-required=\"true\" aria-invalid=\"false\" value=\"\" type=\"tel\" name=\"telephone\" \/><\/span> <\/label>\n<\/p>\n<p><label> Sujet*<br \/>\n<span class=\"wpcf7-form-control-wrap\" data-name=\"sujet\"><input size=\"40\" maxlength=\"400\" class=\"wpcf7-form-control wpcf7-text wpcf7-validates-as-required\" aria-required=\"true\" aria-invalid=\"false\" value=\"\" type=\"text\" name=\"sujet\" \/><\/span> <\/label>\n<\/p>\n<p><label> Votre message*<br \/>\n<span class=\"wpcf7-form-control-wrap\" data-name=\"message\"><textarea cols=\"40\" rows=\"10\" maxlength=\"2000\" class=\"wpcf7-form-control wpcf7-textarea wpcf7-validates-as-required\" aria-required=\"true\" aria-invalid=\"false\" name=\"message\"><\/textarea><\/span> <\/label>\n<\/p>\n<p>* informations obligatoires<br \/>\n<br \/>\n<input class=\"wpcf7-form-control wpcf7-submit has-spinner\" type=\"submit\" value=\"Envoyer\" \/>\n<\/p><p style=\"display: none !important;\" class=\"akismet-fields-container\" data-prefix=\"_wpcf7_ak_\"><label>&#916;<textarea name=\"_wpcf7_ak_hp_textarea\" cols=\"45\" rows=\"8\" maxlength=\"100\"><\/textarea><\/label><input type=\"hidden\" id=\"ak_js_1\" name=\"_wpcf7_ak_js\" value=\"211\"\/><script>document.getElementById( \"ak_js_1\" ).setAttribute( \"value\", ( new Date() ).getTime() );<\/script><\/p><div class=\"wpcf7-response-output\" aria-hidden=\"true\"><\/div>\n<\/form>\n<\/div>\n\n\n\n\n<p><a href=\"http:\/\/www.formalogo.be\/wp-content\/uploads\/2014\/11\/R\u00e9ponses-aux-questions1.pdf\">R\u00e9ponses aux questions<\/a><\/p>\n\n\n\n<p><a href=\"http:\/\/www.formalogo.be\/wp-content\/uploads\/2014\/11\/Num\u00e9ros_Mathoie.pdf\">chiffres_Mathoie<\/a><\/p>\n\n\n\n<p><a href=\"http:\/\/www.formalogo.be\/wp-content\/uploads\/2018\/10\/Mathoie-relev\u00e9.pdf\">Mathoie (relev\u00e9)<\/a><\/p>\n\n\n\n<figure class=\"wp-block-image\"><a href=\"http:\/\/www.formalogo.be\/wp-content\/uploads\/2014\/11\/march\u00e9-logo.13.17.jpg\"><img loading=\"lazy\" decoding=\"async\" width=\"300\" height=\"225\" src=\"http:\/\/www.formalogo.be\/wp-content\/uploads\/2014\/11\/march\u00e9-logo.13.17-300x225.jpg\" alt=\"march\u00e9 logo.13.17\" class=\"wp-image-132\" srcset=\"https:\/\/www.formalogo.be\/wp-content\/uploads\/2014\/11\/march\u00e9-logo.13.17-300x225.jpg 300w, https:\/\/www.formalogo.be\/wp-content\/uploads\/2014\/11\/march\u00e9-logo.13.17-1024x768.jpg 1024w, https:\/\/www.formalogo.be\/wp-content\/uploads\/2014\/11\/march\u00e9-logo.13.17-624x468.jpg 624w\" sizes=\"auto, (max-width: 300px) 100vw, 300px\" \/><\/a><\/figure>\n","protected":false},"excerpt":{"rendered":"<p>Jeu tr\u00e8s complet pour construire et travailler l\u2019ensemble des domaines pouvant poser probl\u00e8mes chez les enfants souffrant de difficult\u00e9s en math\u00e9matiques. De quoi s\u2019agit-il ? Le jeu Mathoie est compos\u00e9 de + de 160 questions (toutes tr\u00e8s diff\u00e9rentes et facilement modulables) et d\u2019un support tout \u00e0 fait original, tenant compte des derni\u00e8res d\u00e9couvertes en neurosciences, [&hellip;]<\/p>\n","protected":false},"author":1,"featured_media":0,"parent":65,"menu_order":0,"comment_status":"closed","ping_status":"closed","template":"","meta":{"footnotes":""},"class_list":["post-999","page","type-page","status-publish","hentry"],"_links":{"self":[{"href":"https:\/\/www.formalogo.be\/index.php?rest_route=\/wp\/v2\/pages\/999","targetHints":{"allow":["GET"]}}],"collection":[{"href":"https:\/\/www.formalogo.be\/index.php?rest_route=\/wp\/v2\/pages"}],"about":[{"href":"https:\/\/www.formalogo.be\/index.php?rest_route=\/wp\/v2\/types\/page"}],"author":[{"embeddable":true,"href":"https:\/\/www.formalogo.be\/index.php?rest_route=\/wp\/v2\/users\/1"}],"replies":[{"embeddable":true,"href":"https:\/\/www.formalogo.be\/index.php?rest_route=%2Fwp%2Fv2%2Fcomments&post=999"}],"version-history":[{"count":3,"href":"https:\/\/www.formalogo.be\/index.php?rest_route=\/wp\/v2\/pages\/999\/revisions"}],"predecessor-version":[{"id":1212,"href":"https:\/\/www.formalogo.be\/index.php?rest_route=\/wp\/v2\/pages\/999\/revisions\/1212"}],"up":[{"embeddable":true,"href":"https:\/\/www.formalogo.be\/index.php?rest_route=\/wp\/v2\/pages\/65"}],"wp:attachment":[{"href":"https:\/\/www.formalogo.be\/index.php?rest_route=%2Fwp%2Fv2%2Fmedia&parent=999"}],"curies":[{"name":"wp","href":"https:\/\/api.w.org\/{rel}","templated":true}]}}