{"id":994,"date":"2025-08-19T13:24:47","date_gmt":"2025-08-19T12:24:47","guid":{"rendered":"https:\/\/www.formalogo.be\/?page_id=994"},"modified":"2025-08-19T13:29:15","modified_gmt":"2025-08-19T12:29:15","slug":"jeu-famimath","status":"publish","type":"page","link":"https:\/\/www.formalogo.be\/?page_id=994","title":{"rendered":"Jeu Famimath"},"content":{"rendered":"\n<p>Pochette de 5 jeux tr\u00e8s ludiques et de difficult\u00e9s progressives.<\/p>\n\n\n\n<p>Avec Famimath l&rsquo;enfant va r\u00e9aliser des d\u00e9compositions de nombres qui vont l&rsquo;amener \u00e0 une bonne conception et repr\u00e9sentation des quantit\u00e9s. <\/p>\n\n\n\n<p>La diversit\u00e9 des activit\u00e9s va permettre la mobilit\u00e9 de pens\u00e9e n\u00e9cessaire \u00e0 la r\u00e9alisation des calculs lacunaires qui posent si souvent probl\u00e8me. <\/p>\n\n\n\n<p>Le mat\u00e9riel et la pr\u00e9sentation de ce jeu favorisent la construction d&rsquo;images mentales et la m\u00e9morisation des diff\u00e9rentes op\u00e9rations. <\/p>\n\n\n\n<p>A force de jouer, les enfants retiennent les r\u00e9sultats des calculs et augment leur rapidit\u00e9 de r\u00e9ponse.<\/p>\n\n\n\n<p>Le prix est de 45\u20ac.<\/p>\n\n\n\n<p><\/p>\n\n\n\n<p><\/p>\n\n\n\n<figure class=\"wp-block-image\"><img loading=\"lazy\" decoding=\"async\" width=\"1024\" height=\"768\" src=\"http:\/\/www.formalogo.be\/wp-content\/uploads\/2019\/04\/DSC07810-1024x768.jpg\" alt=\"\" class=\"wp-image-441\" srcset=\"https:\/\/www.formalogo.be\/wp-content\/uploads\/2019\/04\/DSC07810-1024x768.jpg 1024w, https:\/\/www.formalogo.be\/wp-content\/uploads\/2019\/04\/DSC07810-300x225.jpg 300w, https:\/\/www.formalogo.be\/wp-content\/uploads\/2019\/04\/DSC07810-768x576.jpg 768w, https:\/\/www.formalogo.be\/wp-content\/uploads\/2019\/04\/DSC07810-624x468.jpg 624w\" sizes=\"auto, (max-width: 1024px) 100vw, 1024px\" \/><\/figure>\n\n\n\n<p>Pour commander le jeu Famimath, merci de compl\u00e9ter le formulaire ci-dessous :<\/p>\n\n\n\n<div class=\"wpcf7 no-js\" id=\"wpcf7-f416-o1\" lang=\"fr-FR\" dir=\"ltr\" data-wpcf7-id=\"416\">\n<div class=\"screen-reader-response\"><p role=\"status\" aria-live=\"polite\" aria-atomic=\"true\"><\/p> <ul><\/ul><\/div>\n<form action=\"\/index.php?rest_route=%2Fwp%2Fv2%2Fpages%2F994#wpcf7-f416-o1\" method=\"post\" class=\"wpcf7-form init\" aria-label=\"Formulaire de contact\" novalidate=\"novalidate\" data-status=\"init\">\n<fieldset class=\"hidden-fields-container\"><input type=\"hidden\" name=\"_wpcf7\" value=\"416\" \/><input type=\"hidden\" name=\"_wpcf7_version\" value=\"6.1.5\" \/><input type=\"hidden\" name=\"_wpcf7_locale\" value=\"fr_FR\" \/><input type=\"hidden\" name=\"_wpcf7_unit_tag\" value=\"wpcf7-f416-o1\" \/><input type=\"hidden\" name=\"_wpcf7_container_post\" value=\"0\" \/><input type=\"hidden\" name=\"_wpcf7_posted_data_hash\" value=\"\" \/><input type=\"hidden\" name=\"_wpcf7_recaptcha_response\" value=\"\" \/>\n<\/fieldset>\n<p><label> Pr\u00e9nom*<br \/>\n<span class=\"wpcf7-form-control-wrap\" data-name=\"prenom\"><input size=\"40\" maxlength=\"400\" class=\"wpcf7-form-control wpcf7-text wpcf7-validates-as-required\" aria-required=\"true\" aria-invalid=\"false\" value=\"\" type=\"text\" name=\"prenom\" \/><\/span> <\/label>\n<\/p>\n<p><label> Nom*<br \/>\n<span class=\"wpcf7-form-control-wrap\" data-name=\"nom\"><input size=\"40\" maxlength=\"400\" class=\"wpcf7-form-control wpcf7-text wpcf7-validates-as-required\" aria-required=\"true\" aria-invalid=\"false\" value=\"\" type=\"text\" name=\"nom\" \/><\/span> <\/label>\n<\/p>\n<p><label> Adresse*<br \/>\n<span class=\"wpcf7-form-control-wrap\" data-name=\"adresse\"><input size=\"40\" maxlength=\"400\" class=\"wpcf7-form-control wpcf7-text wpcf7-validates-as-required\" aria-required=\"true\" aria-invalid=\"false\" value=\"\" type=\"text\" name=\"adresse\" \/><\/span> <\/label>\n<\/p>\n<p><label> email*<br \/>\n<span class=\"wpcf7-form-control-wrap\" data-name=\"your-email\"><input size=\"40\" maxlength=\"400\" class=\"wpcf7-form-control wpcf7-email wpcf7-validates-as-required wpcf7-text wpcf7-validates-as-email\" aria-required=\"true\" aria-invalid=\"false\" value=\"\" type=\"email\" name=\"your-email\" \/><\/span> <\/label>\n<\/p>\n<p><label> T\u00e9l\u00e9phone*<br \/>\n<span class=\"wpcf7-form-control-wrap\" data-name=\"telephone\"><input size=\"40\" maxlength=\"400\" class=\"wpcf7-form-control wpcf7-tel wpcf7-validates-as-required wpcf7-text wpcf7-validates-as-tel\" aria-required=\"true\" aria-invalid=\"false\" value=\"\" type=\"tel\" name=\"telephone\" \/><\/span> <\/label>\n<\/p>\n<p><label> Sujet*<br \/>\n<span class=\"wpcf7-form-control-wrap\" data-name=\"sujet\"><input size=\"40\" maxlength=\"400\" class=\"wpcf7-form-control wpcf7-text wpcf7-validates-as-required\" aria-required=\"true\" aria-invalid=\"false\" value=\"\" type=\"text\" name=\"sujet\" \/><\/span> <\/label>\n<\/p>\n<p><label> Votre message*<br \/>\n<span class=\"wpcf7-form-control-wrap\" data-name=\"message\"><textarea cols=\"40\" rows=\"10\" maxlength=\"2000\" class=\"wpcf7-form-control wpcf7-textarea wpcf7-validates-as-required\" aria-required=\"true\" aria-invalid=\"false\" name=\"message\"><\/textarea><\/span> <\/label>\n<\/p>\n<p>* informations obligatoires<br \/>\n<br \/>\n<input class=\"wpcf7-form-control wpcf7-submit has-spinner\" type=\"submit\" value=\"Envoyer\" \/>\n<\/p><p style=\"display: none !important;\" class=\"akismet-fields-container\" data-prefix=\"_wpcf7_ak_\"><label>&#916;<textarea name=\"_wpcf7_ak_hp_textarea\" cols=\"45\" rows=\"8\" maxlength=\"100\"><\/textarea><\/label><input type=\"hidden\" id=\"ak_js_1\" name=\"_wpcf7_ak_js\" value=\"155\"\/><script>document.getElementById( \"ak_js_1\" ).setAttribute( \"value\", ( new Date() ).getTime() );<\/script><\/p><div class=\"wpcf7-response-output\" aria-hidden=\"true\"><\/div>\n<\/form>\n<\/div>\n\n","protected":false},"excerpt":{"rendered":"<p>Pochette de 5 jeux tr\u00e8s ludiques et de difficult\u00e9s progressives. Avec Famimath l&rsquo;enfant va r\u00e9aliser des d\u00e9compositions de nombres qui vont l&rsquo;amener \u00e0 une bonne conception et repr\u00e9sentation des quantit\u00e9s. La diversit\u00e9 des activit\u00e9s va permettre la mobilit\u00e9 de pens\u00e9e n\u00e9cessaire \u00e0 la r\u00e9alisation des calculs lacunaires qui posent si souvent probl\u00e8me. Le mat\u00e9riel et [&hellip;]<\/p>\n","protected":false},"author":1,"featured_media":0,"parent":65,"menu_order":0,"comment_status":"closed","ping_status":"closed","template":"","meta":{"footnotes":""},"class_list":["post-994","page","type-page","status-publish","hentry"],"_links":{"self":[{"href":"https:\/\/www.formalogo.be\/index.php?rest_route=\/wp\/v2\/pages\/994","targetHints":{"allow":["GET"]}}],"collection":[{"href":"https:\/\/www.formalogo.be\/index.php?rest_route=\/wp\/v2\/pages"}],"about":[{"href":"https:\/\/www.formalogo.be\/index.php?rest_route=\/wp\/v2\/types\/page"}],"author":[{"embeddable":true,"href":"https:\/\/www.formalogo.be\/index.php?rest_route=\/wp\/v2\/users\/1"}],"replies":[{"embeddable":true,"href":"https:\/\/www.formalogo.be\/index.php?rest_route=%2Fwp%2Fv2%2Fcomments&post=994"}],"version-history":[{"count":3,"href":"https:\/\/www.formalogo.be\/index.php?rest_route=\/wp\/v2\/pages\/994\/revisions"}],"predecessor-version":[{"id":998,"href":"https:\/\/www.formalogo.be\/index.php?rest_route=\/wp\/v2\/pages\/994\/revisions\/998"}],"up":[{"embeddable":true,"href":"https:\/\/www.formalogo.be\/index.php?rest_route=\/wp\/v2\/pages\/65"}],"wp:attachment":[{"href":"https:\/\/www.formalogo.be\/index.php?rest_route=%2Fwp%2Fv2%2Fmedia&parent=994"}],"curies":[{"name":"wp","href":"https:\/\/api.w.org\/{rel}","templated":true}]}}