{"id":975,"date":"2025-08-13T22:26:56","date_gmt":"2025-08-13T21:26:56","guid":{"rendered":"https:\/\/www.formalogo.be\/?page_id=975"},"modified":"2026-03-23T22:10:13","modified_gmt":"2026-03-23T21:10:13","slug":"ecriture-dame","status":"publish","type":"page","link":"https:\/\/www.formalogo.be\/?page_id=975","title":{"rendered":"S\u00e9ance individuelle"},"content":{"rendered":"\n<figure class=\"wp-block-embed is-type-video is-provider-youtube wp-block-embed-youtube wp-embed-aspect-9-16 wp-has-aspect-ratio\"><div class=\"wp-block-embed__wrapper\">\n<iframe loading=\"lazy\" title=\"Les r\u00e9ponses sont en vous.\" width=\"528\" height=\"938\" src=\"https:\/\/www.youtube.com\/embed\/H1CEwTLTFIU?feature=oembed\" frameborder=\"0\" allow=\"accelerometer; autoplay; clipboard-write; encrypted-media; gyroscope; picture-in-picture; web-share\" referrerpolicy=\"strict-origin-when-cross-origin\" allowfullscreen><\/iframe>\n<\/div><\/figure>\n\n\n\n<figure class=\"wp-block-embed is-type-video is-provider-youtube wp-block-embed-youtube wp-embed-aspect-16-9 wp-has-aspect-ratio\"><div class=\"wp-block-embed__wrapper\">\n<iframe loading=\"lazy\" title=\"Le Langage Du Coeur\u00ae\" width=\"625\" height=\"352\" src=\"https:\/\/www.youtube.com\/embed\/Zqj-drIlXKE?feature=oembed\" frameborder=\"0\" allow=\"accelerometer; autoplay; clipboard-write; encrypted-media; gyroscope; picture-in-picture; web-share\" referrerpolicy=\"strict-origin-when-cross-origin\" allowfullscreen><\/iframe>\n<\/div><\/figure>\n\n\n\n<p><br>Par deux fois, j\u2019ai \u00e9t\u00e9 bluff\u00e9e et touch\u00e9e par la justesse des textes et des mots de mon C\u0153ur ! Et m\u00eame si mon c\u00f4t\u00e9 cart\u00e9sien doutait un peu de la pratique, certains mots retranscrits ne trompent pas !<br>Aujourd\u2019hui, j\u2019avance main dans la main avec mon C\u0153ur que j\u2019\u00e9coute plus clairement, j\u2019ai baiss\u00e9 le volume de mon Mental et je laisse mon corps s\u2019exprimer.<br>Merci infiniment V\u00e9ronique pour ton accueil et ton \u00e9coute douce et bienveillante (la mienne et celle de mon C\u0153ur).<br>Coeurdialement, Val\u00e9rie<\/p>\n\n\n\n<figure class=\"wp-block-image size-full\"><a href=\"https:\/\/www.formalogo.be\/wp-content\/uploads\/2026\/03\/image.png\"><img loading=\"lazy\" decoding=\"async\" width=\"250\" height=\"42\" src=\"https:\/\/www.formalogo.be\/wp-content\/uploads\/2026\/03\/image.png\" alt=\"\" class=\"wp-image-1206\"\/><\/a><\/figure>\n\n\n\n<p>moyenne de 5\/5 pour 27 avis sur Google my business, 100% de satisfaction. <\/p>\n\n\n\n<figure class=\"wp-block-image size-full\"><a href=\"https:\/\/www.formalogo.be\/wp-content\/uploads\/2026\/02\/image.png\"><img loading=\"lazy\" decoding=\"async\" width=\"660\" height=\"195\" src=\"https:\/\/www.formalogo.be\/wp-content\/uploads\/2026\/02\/image.png\" alt=\"\" class=\"wp-image-1183\" srcset=\"https:\/\/www.formalogo.be\/wp-content\/uploads\/2026\/02\/image.png 660w, https:\/\/www.formalogo.be\/wp-content\/uploads\/2026\/02\/image-300x89.png 300w, https:\/\/www.formalogo.be\/wp-content\/uploads\/2026\/02\/image-624x184.png 624w\" sizes=\"auto, (max-width: 660px) 100vw, 660px\" \/><\/a><\/figure>\n\n\n\n<figure class=\"wp-block-image size-full\"><a href=\"https:\/\/www.formalogo.be\/wp-content\/uploads\/2025\/11\/image.png\"><img loading=\"lazy\" decoding=\"async\" width=\"701\" height=\"294\" src=\"https:\/\/www.formalogo.be\/wp-content\/uploads\/2025\/11\/image.png\" alt=\"\" class=\"wp-image-1113\" srcset=\"https:\/\/www.formalogo.be\/wp-content\/uploads\/2025\/11\/image.png 701w, https:\/\/www.formalogo.be\/wp-content\/uploads\/2025\/11\/image-300x126.png 300w, https:\/\/www.formalogo.be\/wp-content\/uploads\/2025\/11\/image-624x262.png 624w\" sizes=\"auto, (max-width: 701px) 100vw, 701px\" \/><\/a><\/figure>\n\n\n\n<figure class=\"wp-block-image size-full\"><a href=\"https:\/\/www.formalogo.be\/wp-content\/uploads\/2025\/08\/image-2.png\"><img loading=\"lazy\" decoding=\"async\" width=\"727\" height=\"364\" src=\"https:\/\/www.formalogo.be\/wp-content\/uploads\/2025\/08\/image-2.png\" alt=\"\" class=\"wp-image-976\" srcset=\"https:\/\/www.formalogo.be\/wp-content\/uploads\/2025\/08\/image-2.png 727w, https:\/\/www.formalogo.be\/wp-content\/uploads\/2025\/08\/image-2-300x150.png 300w, https:\/\/www.formalogo.be\/wp-content\/uploads\/2025\/08\/image-2-624x312.png 624w\" sizes=\"auto, (max-width: 727px) 100vw, 727px\" \/><\/a><\/figure>\n\n\n\n<figure class=\"wp-block-image size-full\"><a href=\"https:\/\/www.formalogo.be\/wp-content\/uploads\/2025\/08\/image-3.png\"><img loading=\"lazy\" decoding=\"async\" width=\"727\" height=\"689\" src=\"https:\/\/www.formalogo.be\/wp-content\/uploads\/2025\/08\/image-3.png\" alt=\"\" class=\"wp-image-979\" srcset=\"https:\/\/www.formalogo.be\/wp-content\/uploads\/2025\/08\/image-3.png 727w, https:\/\/www.formalogo.be\/wp-content\/uploads\/2025\/08\/image-3-300x284.png 300w, https:\/\/www.formalogo.be\/wp-content\/uploads\/2025\/08\/image-3-624x591.png 624w\" sizes=\"auto, (max-width: 727px) 100vw, 727px\" \/><\/a><\/figure>\n\n\n\n<p>12\/24 \u00ab\u00a0V\u00e9ronique,&nbsp;je te remercie chaleureusement pour notre belle s\u00e9ance mais aussi pour ton accueil, ta bienveillance et ton \u00e9coute.                                                                                                                          Je n&rsquo;ai jamais v\u00e9cu une telle exp\u00e9rience dans ma vie et cela arrive \u00e0 point nomm\u00e9.                                     Je ressens d\u00e9j\u00e0 moins de douleurs physiques et j&rsquo;avais d\u00e9j\u00e0 ressenti un soulagement significatif d\u00e8s apr\u00e8s notre rencontre. Notre rencontre \u00e9l\u00e8ve encore un peu plus ma conscience de l&rsquo;immat\u00e9riel et son importance dans nos vies terrestres.\u00a0\u00bb L.<\/p>\n\n\n\n<p>2\/26 : \u00ab\u00a0Tu es une personne qui litt\u00e9ralement peut se connecter \u00e0 l&rsquo;\u00e9nergie de l&rsquo;autre pour la lib\u00e9rer. Depuis la s\u00e9ance je me sens nettement mieux et en s\u00e9curit\u00e9.\u00a0\u00bb<\/p>\n\n\n\n<figure class=\"wp-block-image size-full\"><a href=\"https:\/\/www.formalogo.be\/wp-content\/uploads\/2026\/01\/Langage-Du-Coeur\u00ae.png\"><img loading=\"lazy\" decoding=\"async\" width=\"940\" height=\"788\" src=\"https:\/\/www.formalogo.be\/wp-content\/uploads\/2026\/01\/Langage-Du-Coeur\u00ae.png\" alt=\"\" class=\"wp-image-1174\" srcset=\"https:\/\/www.formalogo.be\/wp-content\/uploads\/2026\/01\/Langage-Du-Coeur\u00ae.png 940w, https:\/\/www.formalogo.be\/wp-content\/uploads\/2026\/01\/Langage-Du-Coeur\u00ae-300x251.png 300w, https:\/\/www.formalogo.be\/wp-content\/uploads\/2026\/01\/Langage-Du-Coeur\u00ae-768x644.png 768w, https:\/\/www.formalogo.be\/wp-content\/uploads\/2026\/01\/Langage-Du-Coeur\u00ae-624x523.png 624w\" sizes=\"auto, (max-width: 940px) 100vw, 940px\" \/><\/a><\/figure>\n\n\n\n<p><\/p>\n\n\n\n<p>L\u2019\u00e9criture d\u2019\u00e2me est un <strong>outil de connaissance de soi et d\u2019\u00e9volution personnelle<\/strong>.<br>Elle agit comme un pont entre le conscient et l\u2019inconscient, entre le mental et le c\u0153ur.<br>Elle aide \u00e0 <strong>lib\u00e9rer, comprendre et transformer<\/strong>, tout en ouvrant un dialogue int\u00e9rieur riche et bienveillant.<\/p>\n\n\n\n<p>Ainsi, elle permet notamment de :<\/p>\n\n\n\n<ul class=\"wp-block-list\">\n<li><strong>Prendre des d\u00e9cisions<\/strong> : \u00e9clairer un choix et avancer avec plus de clart\u00e9 et de s\u00e9r\u00e9nit\u00e9.<\/li>\n\n\n\n<li><strong>Pr\u00e9server et diriger son \u00e9nergie<\/strong> : lib\u00e9rer l\u2019imagination et les id\u00e9es nouvelles.<\/li>\n\n\n\n<li><strong>Alignement avec sa mission de vie<\/strong> : clarifie son chemin, ses talents et la direction juste pour soi.<\/li>\n\n\n\n<li><strong>Ouverture du c\u0153ur<\/strong> : renforce la compassion et l\u2019amour de soi et des autres.<\/li>\n\n\n\n<li><strong>Expansion de conscience<\/strong> : favorise des prises de conscience profondes sur le sens de sa vie.<\/li>\n\n\n\n<li><strong>Clart\u00e9 int\u00e9rieure<\/strong> : permet de mieux comprendre ses \u00e9motions, ses d\u00e9sirs et ses blocages.<\/li>\n\n\n\n<li><strong>Gu\u00e9rison int\u00e9rieure<\/strong> : favorise la reconnexion avec l\u2019enfant int\u00e9rieur et la transformation de blessures pass\u00e9es.<\/li>\n\n\n\n<li><strong>Connexion \u00e0 son intuition<\/strong> : d\u00e9veloppe la confiance en ses ressentis et sa guidance int\u00e9rieure.<\/li>\n<\/ul>\n\n\n\n<p>Vous vous ouvrez \u00e0 de nouvelles perspectives et des changements \u00e0 long terme.<\/p>\n\n\n\n<p>Pour plus d&rsquo;information et\/ou pour prendre rdv n&rsquo;h\u00e9sitez pas \u00e0 :<\/p>\n\n\n\n<ul class=\"wp-block-list\">\n<li>rejoindre mon groupe FB Langage Du Coeur-CPA <\/li>\n\n\n\n<li>m&rsquo;appeler au 0473 56 01 66 V\u00e9ronique Degroote<\/li>\n<\/ul>\n\n\n\n<figure class=\"wp-block-embed is-type-video is-provider-youtube wp-block-embed-youtube wp-embed-aspect-16-9 wp-has-aspect-ratio\"><div class=\"wp-block-embed__wrapper\">\n<iframe loading=\"lazy\" title=\"Communication Profonde Accompagn\u00e9e\" width=\"625\" height=\"352\" src=\"https:\/\/www.youtube.com\/embed\/irkIckEfR00?feature=oembed\" frameborder=\"0\" allow=\"accelerometer; autoplay; clipboard-write; encrypted-media; gyroscope; picture-in-picture; web-share\" referrerpolicy=\"strict-origin-when-cross-origin\" allowfullscreen><\/iframe>\n<\/div><\/figure>\n\n\n\n<blockquote class=\"wp-block-quote is-layout-flow wp-block-quote-is-layout-flow\">\n<p>\u00ab\u00a0La CPA est un moment que l&rsquo;on prend pour laisser notre corps nous exprimer des choses en toute bienveillance. C&rsquo;est un moment de l\u00e2cher prise et de connexion avec soi. Accompagn\u00e9e par V\u00e9ronique, douce et \u00e0 l&rsquo;\u00e9coute, cette exp\u00e9rience est touchante. Je ne peux que vous conseiller d&rsquo;essayer \u00e0 votre tour.\u00a0\u00bb Audrey<\/p>\n\n\n\n<p>\u00ab&nbsp;J&rsquo;avais juste besoin de sentir mon corps en joie et cette s\u00e9ance en CPA m&rsquo;y a emmen\u00e9e, je suis repartie le c\u0153ur heureux et en f\u00eate. MERCI!\u00a0\u00bb S.<\/p>\n\n\n\n<p>\u00ab\u00a0Je suis pleine de gratitude et je te remercie chaleureusement pour cette s\u00e9ance de CPA et ta bienveillance. C\u2019est magique et je souhaite que tous ceux qui sont perdus, curieux&#8230; s\u2019offrent ce cadeau d\u2019une s\u00e9ance CPA. Denise\u00a0\u00bbJe suis pleine de gratitude et je te remercie chaleureusement pour cette s\u00e9ance de CPA et ta bienveillance. C\u2019est magique et je souhaite que tous ceux qui sont perdus, curieux&#8230; s\u2019offrent ce cadeau d\u2019une s\u00e9ance CPA.\u00a0\u00bb Denise<\/p>\n<\/blockquote>\n\n\n\n<p><a href=\"https:\/\/www.facebook.com\/groups\/688637272667903\" data-type=\"URL\" data-id=\"https:\/\/www.facebook.com\/groups\/688637272667903\" target=\"_blank\" rel=\"noopener\">Rejoignez-nous sur FB \u00ab\u00a0Langage du coeur-CPA\u00a0\u00bb<\/a><\/p>\n","protected":false},"excerpt":{"rendered":"<p>Par deux fois, j\u2019ai \u00e9t\u00e9 bluff\u00e9e et touch\u00e9e par la justesse des textes et des mots de mon C\u0153ur ! Et m\u00eame si mon c\u00f4t\u00e9 cart\u00e9sien doutait un peu de la pratique, certains mots retranscrits ne trompent pas !Aujourd\u2019hui, j\u2019avance main dans la main avec mon C\u0153ur que j\u2019\u00e9coute plus clairement, j\u2019ai baiss\u00e9 le volume [&hellip;]<\/p>\n","protected":false},"author":1,"featured_media":0,"parent":587,"menu_order":0,"comment_status":"closed","ping_status":"closed","template":"","meta":{"footnotes":""},"class_list":["post-975","page","type-page","status-publish","hentry"],"_links":{"self":[{"href":"https:\/\/www.formalogo.be\/index.php?rest_route=\/wp\/v2\/pages\/975","targetHints":{"allow":["GET"]}}],"collection":[{"href":"https:\/\/www.formalogo.be\/index.php?rest_route=\/wp\/v2\/pages"}],"about":[{"href":"https:\/\/www.formalogo.be\/index.php?rest_route=\/wp\/v2\/types\/page"}],"author":[{"embeddable":true,"href":"https:\/\/www.formalogo.be\/index.php?rest_route=\/wp\/v2\/users\/1"}],"replies":[{"embeddable":true,"href":"https:\/\/www.formalogo.be\/index.php?rest_route=%2Fwp%2Fv2%2Fcomments&post=975"}],"version-history":[{"count":19,"href":"https:\/\/www.formalogo.be\/index.php?rest_route=\/wp\/v2\/pages\/975\/revisions"}],"predecessor-version":[{"id":1221,"href":"https:\/\/www.formalogo.be\/index.php?rest_route=\/wp\/v2\/pages\/975\/revisions\/1221"}],"up":[{"embeddable":true,"href":"https:\/\/www.formalogo.be\/index.php?rest_route=\/wp\/v2\/pages\/587"}],"wp:attachment":[{"href":"https:\/\/www.formalogo.be\/index.php?rest_route=%2Fwp%2Fv2%2Fmedia&parent=975"}],"curies":[{"name":"wp","href":"https:\/\/api.w.org\/{rel}","templated":true}]}}