{"id":972,"date":"2025-08-13T22:17:19","date_gmt":"2025-08-13T21:17:19","guid":{"rendered":"https:\/\/www.formalogo.be\/?page_id=972"},"modified":"2026-03-19T17:46:19","modified_gmt":"2026-03-19T16:46:19","slug":"livre-ldc","status":"publish","type":"page","link":"https:\/\/www.formalogo.be\/?page_id=972","title":{"rendered":"Ouvrage d&rsquo;enseignements autour du Langage Du C\u0153ur\u00ae"},"content":{"rendered":"\n<figure class=\"wp-block-image size-large\"><a href=\"https:\/\/www.formalogo.be\/wp-content\/uploads\/2025\/08\/couverture.png\"><img loading=\"lazy\" decoding=\"async\" width=\"1024\" height=\"696\" src=\"https:\/\/www.formalogo.be\/wp-content\/uploads\/2025\/08\/couverture-1024x696.png\" alt=\"\" class=\"wp-image-1027\" srcset=\"https:\/\/www.formalogo.be\/wp-content\/uploads\/2025\/08\/couverture-1024x696.png 1024w, https:\/\/www.formalogo.be\/wp-content\/uploads\/2025\/08\/couverture-300x204.png 300w, https:\/\/www.formalogo.be\/wp-content\/uploads\/2025\/08\/couverture-768x522.png 768w, https:\/\/www.formalogo.be\/wp-content\/uploads\/2025\/08\/couverture-624x424.png 624w, https:\/\/www.formalogo.be\/wp-content\/uploads\/2025\/08\/couverture.png 1144w\" sizes=\"auto, (max-width: 1024px) 100vw, 1024px\" \/><\/a><\/figure>\n\n\n\n<p><em>\u00ab\u00a0Tout r\u00e9ussir gr\u00e2ce au Langage du C\u0153ur\u00ae. Les r\u00e9ponses sont en nous.\u00a0\u00bb<\/em>, est le fruit de 25 ann\u00e9es de pratique, de lectures, de formations, de recherches et de d\u00e9couvertes que je vous partage pour r\u00e9v\u00e9ler votre potentiel et avancer avec autonomie, sens, plaisir et s\u00e9r\u00e9nit\u00e9 sur votre chemin de vie personnel et\/ou professionnel.<\/p>\n\n\n\n<p>Il s&rsquo;agit d&rsquo;un livre, pr\u00e9fac\u00e9 parFran\u00e7oise ESTIENNE (Professeur \u00e9m\u00e9rite \u00e0 l&rsquo;UCL), tr\u00e8s complet qui allie TH\u00c9ORIE et PRATIQUE.<\/p>\n\n\n\n<p><strong>Ce guide unique, \u00e0 la fois spirituel et rationnel, vous inspire pour r\u00e9ussir ce qui compte vraiment dans votre vie.<\/strong><\/p>\n\n\n\n<p><strong>Quelques retours :<\/strong><\/p>\n\n\n\n<ul class=\"wp-block-list\">\n<li><em>Un tr\u00e8s beau livre \u00e0 lire, une merveilleuse boite \u00e0 outils, tr\u00e8s bien \u00e9crite, facile \u00e0 lire, et ce n&rsquo;est pas tout, c&rsquo;est aussi un \u00ab\u00a0tarot\u00a0\u00bb. Ouvrez-le sans r\u00e9fl\u00e9chir \u00e0 la page qui sera juste pour vous \u00e0 l&rsquo;instant pr\u00e9sent. Merci V\u00e9ronique pour ce cadeau magnifique que tu nous offres au fil des chapitres. Laurence<\/em><\/li>\n<\/ul>\n\n\n\n<ul class=\"wp-block-list\">\n<li><em>J&rsquo;ai beaucoup appris, et je suis m\u00eame triste qu&rsquo;il soit termin\u00e9. \ud83d\ude42 Lise<\/em><\/li>\n<\/ul>\n\n\n\n<ul class=\"wp-block-list\">\n<li><em>Tu as fait un sacr\u00e9 travail, qui explore les diff\u00e9rentes dimensions du c\u0153ur, la pr\u00e9sentation est claire et p\u00e9dagogique.<\/em> <em>J\u2019ai trouv\u00e9 ton ouvrage \u00e0 la fois spirituel et tr\u00e8s ancr\u00e9 dans le concret et le quotidien \u00e0 travers les diff\u00e9rents exemples que tu donnes, issus de ton exp\u00e9rience.<\/em> <em>La pr\u00e9sentation est claire, structur\u00e9e et p\u00e9dagogique, ce qui le rend plus facile d\u2019acc\u00e8s.<\/em> <em>Bravo pour cette belle r\u00e9alisation, fruit d\u2019un riche parcours et de beaucoup de travail. Sophie<\/em> Guedj<\/li>\n\n\n\n<li><strong><a href=\"https:\/\/gifdfge.r.bh.d.sendibt3.com\/tr\/cl\/ExqKdTs4DRv8aLRp52_ju6q3eexHEq2ALI-IHey0ITrtk48U6i5fyfDLWfQajb89yH3DR9Sxa1Eo9hq9SRaTJWm5WfOzpPlW4JpXrKtkHnrdKgrsjuqNnx2e7634wyEzNMrVqePv1t3R0mXOcQzYL6A_Zj_M9HfJMVNd233XKxT70SQ84X2InnRb2Pkg94ROYkqeHms8Fz9z2gSh1SKulmryvk4TfHSkGpEJ8dJtZ4neRCEm4FQvgfnQaZAr70DyjcrN_J8SzdAZ8Ufo4IXjW8aB1IkAsZGP34a7c3rziGHhIshaCHkI4dffzkr9R52RGrKn06i4ajpwLPGFXk_KkItO_mql__JWYEues_zep2cFqJg2430_OZ7LzT713B1a_wgp\" target=\"_blank\" rel=\"noreferrer noopener\">\u00e9couter cet \u00e9change en suivant ce lien.<\/a><\/strong><\/li>\n<\/ul>\n\n\n\n<ul class=\"wp-block-list\">\n<li><em>Ton livre m&rsquo;a accompagn\u00e9e et fourni un pr\u00e9cieux outil en cette p\u00e9riode de changements. Il est vraiment chaleureux et facile \u00e0 lire. Je l\u2019aime beaucoup. Julie<\/em><\/li>\n<\/ul>\n\n\n\n<ul class=\"wp-block-list\">\n<li><em>Merci V\u00e9ronique Degroote pour cette p\u00e9pite remplie d\u2019outils pr\u00e9cieux. <em>Ce livre (re) donne du sens \u00e0 ma pratique et mon parcours perso. &nbsp;D.<\/em> <\/em><\/li>\n\n\n\n<li><\/li>\n\n\n\n<li>J&rsquo;ai trouv\u00e9 ton livre super chouette \u00e0 lire. J&rsquo;ai beaucoup aim\u00e9 l&rsquo;ouverture que tu am\u00e8nes et les liens in\u00e9dits que tu proposes. A-F Bouillet<\/li>\n<\/ul>\n\n\n\n<p><strong>2 TOMES en 1<\/strong> : prix 50\u20ac (hors frais de port)<\/p>\n\n\n\n<p>Il est disponible lors de march\u00e9s, lors de mes formations, ateliers ou conf\u00e9rences \u00e0 Braine-l&rsquo;Alleud ou via le formulaire ci-dessous.<\/p>\n\n\n\n<p>Les prochains ateliers-conf\u00e9rences :<\/p>\n\n\n\n<ul class=\"wp-block-list\">\n<li>Les <strong>26-27 septembre<\/strong> au congr\u00e8s de la logop\u00e9die \u00e0 Mons<\/li>\n\n\n\n<li>le <strong>30 septembre 25<\/strong> \u00e0 20h00 \u00e0 Braine-l&rsquo;Alleud.<\/li>\n\n\n\n<li>le <strong>12 octobre<\/strong> toute la journ\u00e9e au Salon des artistes de l&rsquo;Humain \u00e0 Chastre via Adhelu.<\/li>\n\n\n\n<li>le <strong>18 novembre<\/strong> \u00e0 Rhode Saint Gen\u00e8se \u00e0 19h00<\/li>\n\n\n\n<li>le <strong>10 d\u00e9cembre<\/strong> 2025 \u00e0 19h00 au centre Serenity Yoga \u00e0 Braine-l&rsquo;Alleud<\/li>\n<\/ul>\n\n\n\n<figure class=\"wp-block-gallery has-nested-images columns-default is-cropped wp-block-gallery-1 is-layout-flex wp-block-gallery-is-layout-flex\">\n<figure class=\"wp-block-image size-large\"><a href=\"https:\/\/www.formalogo.be\/wp-content\/uploads\/2025\/12\/IMG-20250825-WA0009.jpg\"><img loading=\"lazy\" decoding=\"async\" width=\"524\" height=\"751\" data-id=\"1150\" src=\"https:\/\/www.formalogo.be\/wp-content\/uploads\/2025\/12\/IMG-20250825-WA0009.jpg\" alt=\"\" class=\"wp-image-1150\" srcset=\"https:\/\/www.formalogo.be\/wp-content\/uploads\/2025\/12\/IMG-20250825-WA0009.jpg 524w, https:\/\/www.formalogo.be\/wp-content\/uploads\/2025\/12\/IMG-20250825-WA0009-209x300.jpg 209w\" sizes=\"auto, (max-width: 524px) 100vw, 524px\" \/><\/a><\/figure>\n<\/figure>\n\n\n\n<figure class=\"wp-block-embed is-type-video is-provider-youtube wp-block-embed-youtube wp-embed-aspect-16-9 wp-has-aspect-ratio\"><div class=\"wp-block-embed__wrapper\">\n<iframe loading=\"lazy\" title=\"Le Langage Du Coeur\u00ae.\" width=\"625\" height=\"352\" src=\"https:\/\/www.youtube.com\/embed\/WpX1f9QHH0c?feature=oembed\" frameborder=\"0\" allow=\"accelerometer; autoplay; clipboard-write; encrypted-media; gyroscope; picture-in-picture; web-share\" referrerpolicy=\"strict-origin-when-cross-origin\" allowfullscreen><\/iframe>\n<\/div><\/figure>\n\n\n\n<p>Pour toute information compl\u00e9mentaire et\/ou pour commander mon livre sur le Langage Du Coeur\u00ae :<\/p>\n\n\n\n<div class=\"wpcf7 no-js\" id=\"wpcf7-f416-o1\" lang=\"fr-FR\" dir=\"ltr\" data-wpcf7-id=\"416\">\n<div class=\"screen-reader-response\"><p role=\"status\" aria-live=\"polite\" aria-atomic=\"true\"><\/p> <ul><\/ul><\/div>\n<form action=\"\/index.php?rest_route=%2Fwp%2Fv2%2Fpages%2F972#wpcf7-f416-o1\" method=\"post\" class=\"wpcf7-form init\" aria-label=\"Formulaire de contact\" novalidate=\"novalidate\" data-status=\"init\">\n<fieldset class=\"hidden-fields-container\"><input type=\"hidden\" name=\"_wpcf7\" value=\"416\" \/><input type=\"hidden\" name=\"_wpcf7_version\" value=\"6.1.5\" \/><input type=\"hidden\" name=\"_wpcf7_locale\" value=\"fr_FR\" \/><input type=\"hidden\" name=\"_wpcf7_unit_tag\" value=\"wpcf7-f416-o1\" \/><input type=\"hidden\" name=\"_wpcf7_container_post\" value=\"0\" \/><input type=\"hidden\" name=\"_wpcf7_posted_data_hash\" value=\"\" \/><input type=\"hidden\" name=\"_wpcf7_recaptcha_response\" value=\"\" \/>\n<\/fieldset>\n<p><label> Pr\u00e9nom*<br \/>\n<span class=\"wpcf7-form-control-wrap\" data-name=\"prenom\"><input size=\"40\" maxlength=\"400\" class=\"wpcf7-form-control wpcf7-text wpcf7-validates-as-required\" aria-required=\"true\" aria-invalid=\"false\" value=\"\" type=\"text\" name=\"prenom\" \/><\/span> <\/label>\n<\/p>\n<p><label> Nom*<br \/>\n<span class=\"wpcf7-form-control-wrap\" data-name=\"nom\"><input size=\"40\" maxlength=\"400\" class=\"wpcf7-form-control wpcf7-text wpcf7-validates-as-required\" aria-required=\"true\" aria-invalid=\"false\" value=\"\" type=\"text\" name=\"nom\" \/><\/span> <\/label>\n<\/p>\n<p><label> Adresse*<br \/>\n<span class=\"wpcf7-form-control-wrap\" data-name=\"adresse\"><input size=\"40\" maxlength=\"400\" class=\"wpcf7-form-control wpcf7-text wpcf7-validates-as-required\" aria-required=\"true\" aria-invalid=\"false\" value=\"\" type=\"text\" name=\"adresse\" \/><\/span> <\/label>\n<\/p>\n<p><label> email*<br \/>\n<span class=\"wpcf7-form-control-wrap\" data-name=\"your-email\"><input size=\"40\" maxlength=\"400\" class=\"wpcf7-form-control wpcf7-email wpcf7-validates-as-required wpcf7-text wpcf7-validates-as-email\" aria-required=\"true\" aria-invalid=\"false\" value=\"\" type=\"email\" name=\"your-email\" \/><\/span> <\/label>\n<\/p>\n<p><label> T\u00e9l\u00e9phone*<br \/>\n<span class=\"wpcf7-form-control-wrap\" data-name=\"telephone\"><input size=\"40\" maxlength=\"400\" class=\"wpcf7-form-control wpcf7-tel wpcf7-validates-as-required wpcf7-text wpcf7-validates-as-tel\" aria-required=\"true\" aria-invalid=\"false\" value=\"\" type=\"tel\" name=\"telephone\" \/><\/span> <\/label>\n<\/p>\n<p><label> Sujet*<br \/>\n<span class=\"wpcf7-form-control-wrap\" data-name=\"sujet\"><input size=\"40\" maxlength=\"400\" class=\"wpcf7-form-control wpcf7-text wpcf7-validates-as-required\" aria-required=\"true\" aria-invalid=\"false\" value=\"\" type=\"text\" name=\"sujet\" \/><\/span> <\/label>\n<\/p>\n<p><label> Votre message*<br \/>\n<span class=\"wpcf7-form-control-wrap\" data-name=\"message\"><textarea cols=\"40\" rows=\"10\" maxlength=\"2000\" class=\"wpcf7-form-control wpcf7-textarea wpcf7-validates-as-required\" aria-required=\"true\" aria-invalid=\"false\" name=\"message\"><\/textarea><\/span> <\/label>\n<\/p>\n<p>* informations obligatoires<br \/>\n<br \/>\n<input class=\"wpcf7-form-control wpcf7-submit has-spinner\" type=\"submit\" value=\"Envoyer\" \/>\n<\/p><p style=\"display: none !important;\" class=\"akismet-fields-container\" data-prefix=\"_wpcf7_ak_\"><label>&#916;<textarea name=\"_wpcf7_ak_hp_textarea\" cols=\"45\" rows=\"8\" maxlength=\"100\"><\/textarea><\/label><input type=\"hidden\" id=\"ak_js_1\" name=\"_wpcf7_ak_js\" value=\"231\"\/><script>document.getElementById( \"ak_js_1\" ).setAttribute( \"value\", ( new Date() ).getTime() );<\/script><\/p><div class=\"wpcf7-response-output\" aria-hidden=\"true\"><\/div>\n<\/form>\n<\/div>\n\n\n\n\n<figure class=\"wp-block-embed\"><div class=\"wp-block-embed__wrapper\">\nhttps:\/\/www.pirouette-editions.fr\/tour-reussir-grace-au-langage-du-coeur-3077.fr\n<\/div><\/figure>\n","protected":false},"excerpt":{"rendered":"<p>\u00ab\u00a0Tout r\u00e9ussir gr\u00e2ce au Langage du C\u0153ur\u00ae. Les r\u00e9ponses sont en nous.\u00a0\u00bb, est le fruit de 25 ann\u00e9es de pratique, de lectures, de formations, de recherches et de d\u00e9couvertes que je vous partage pour r\u00e9v\u00e9ler votre potentiel et avancer avec autonomie, sens, plaisir et s\u00e9r\u00e9nit\u00e9 sur votre chemin de vie personnel et\/ou professionnel. Il s&rsquo;agit [&hellip;]<\/p>\n","protected":false},"author":1,"featured_media":0,"parent":587,"menu_order":0,"comment_status":"closed","ping_status":"closed","template":"","meta":{"footnotes":""},"class_list":["post-972","page","type-page","status-publish","hentry"],"_links":{"self":[{"href":"https:\/\/www.formalogo.be\/index.php?rest_route=\/wp\/v2\/pages\/972","targetHints":{"allow":["GET"]}}],"collection":[{"href":"https:\/\/www.formalogo.be\/index.php?rest_route=\/wp\/v2\/pages"}],"about":[{"href":"https:\/\/www.formalogo.be\/index.php?rest_route=\/wp\/v2\/types\/page"}],"author":[{"embeddable":true,"href":"https:\/\/www.formalogo.be\/index.php?rest_route=\/wp\/v2\/users\/1"}],"replies":[{"embeddable":true,"href":"https:\/\/www.formalogo.be\/index.php?rest_route=%2Fwp%2Fv2%2Fcomments&post=972"}],"version-history":[{"count":15,"href":"https:\/\/www.formalogo.be\/index.php?rest_route=\/wp\/v2\/pages\/972\/revisions"}],"predecessor-version":[{"id":1217,"href":"https:\/\/www.formalogo.be\/index.php?rest_route=\/wp\/v2\/pages\/972\/revisions\/1217"}],"up":[{"embeddable":true,"href":"https:\/\/www.formalogo.be\/index.php?rest_route=\/wp\/v2\/pages\/587"}],"wp:attachment":[{"href":"https:\/\/www.formalogo.be\/index.php?rest_route=%2Fwp%2Fv2%2Fmedia&parent=972"}],"curies":[{"name":"wp","href":"https:\/\/api.w.org\/{rel}","templated":true}]}}