{"id":955,"date":"2025-08-07T10:30:52","date_gmt":"2025-08-07T09:30:52","guid":{"rendered":"https:\/\/www.formalogo.be\/?page_id=955"},"modified":"2025-09-11T21:16:39","modified_gmt":"2025-09-11T20:16:39","slug":"ateliers-de-pratique","status":"publish","type":"page","link":"https:\/\/www.formalogo.be\/?page_id=955","title":{"rendered":"Tous les mardis matin : ateliers de pratique"},"content":{"rendered":"\n<figure class=\"wp-block-gallery has-nested-images columns-default is-cropped wp-block-gallery-1 is-layout-flex wp-block-gallery-is-layout-flex\">\n<figure class=\"wp-block-image size-large\"><a href=\"https:\/\/www.formalogo.be\/wp-content\/uploads\/2025\/08\/Eveil-scaled.jpg\"><img loading=\"lazy\" decoding=\"async\" width=\"768\" height=\"1024\" data-id=\"959\" src=\"https:\/\/www.formalogo.be\/wp-content\/uploads\/2025\/08\/Eveil-768x1024.jpg\" alt=\"\" class=\"wp-image-959\" srcset=\"https:\/\/www.formalogo.be\/wp-content\/uploads\/2025\/08\/Eveil-768x1024.jpg 768w, https:\/\/www.formalogo.be\/wp-content\/uploads\/2025\/08\/Eveil-225x300.jpg 225w, https:\/\/www.formalogo.be\/wp-content\/uploads\/2025\/08\/Eveil-1152x1536.jpg 1152w, https:\/\/www.formalogo.be\/wp-content\/uploads\/2025\/08\/Eveil-1536x2048.jpg 1536w, https:\/\/www.formalogo.be\/wp-content\/uploads\/2025\/08\/Eveil-624x832.jpg 624w, https:\/\/www.formalogo.be\/wp-content\/uploads\/2025\/08\/Eveil-scaled.jpg 1920w\" sizes=\"auto, (max-width: 768px) 100vw, 768px\" \/><\/a><\/figure>\n\n\n\n<figure class=\"wp-block-image size-large\"><a href=\"https:\/\/www.formalogo.be\/wp-content\/uploads\/2025\/08\/20250707_120338-scaled.jpg\"><img loading=\"lazy\" decoding=\"async\" width=\"768\" height=\"1024\" data-id=\"1047\" src=\"https:\/\/www.formalogo.be\/wp-content\/uploads\/2025\/08\/20250707_120338-768x1024.jpg\" alt=\"\" class=\"wp-image-1047\" srcset=\"https:\/\/www.formalogo.be\/wp-content\/uploads\/2025\/08\/20250707_120338-768x1024.jpg 768w, https:\/\/www.formalogo.be\/wp-content\/uploads\/2025\/08\/20250707_120338-225x300.jpg 225w, https:\/\/www.formalogo.be\/wp-content\/uploads\/2025\/08\/20250707_120338-1152x1536.jpg 1152w, https:\/\/www.formalogo.be\/wp-content\/uploads\/2025\/08\/20250707_120338-1536x2048.jpg 1536w, https:\/\/www.formalogo.be\/wp-content\/uploads\/2025\/08\/20250707_120338-624x832.jpg 624w, https:\/\/www.formalogo.be\/wp-content\/uploads\/2025\/08\/20250707_120338-scaled.jpg 1920w\" sizes=\"auto, (max-width: 768px) 100vw, 768px\" \/><\/a><\/figure>\n<\/figure>\n\n\n\n<p>NOUVEAU \u00e0 partir d&rsquo;octobre 2025 : je vous invite, chaque semaine, \u00e0 des ateliers pratique de reconnexion \u00e0 soi par les 4C de : Corps, Coeur, Cerveau et Connexion en lien avec le Langage Du Coeur\u00ae <\/p>\n\n\n\n<p><strong>Quand?<\/strong><\/p>\n\n\n\n<p>Les <strong>mardis<\/strong> en matin\u00e9e de 10h \u00e0 12h, en fonction de vos disponibilit\u00e9s \u00e0 partir du 4 novembre 2025.<\/p>\n\n\n\n<p><strong>Quoi?<\/strong><\/p>\n\n\n\n<p>Vous sentez le besoin de ralentir, de vous recentrer, de mieux vous conna\u00eetre et de donner du sens \u00e0 votre vie ? D&rsquo;\u00e9changer avec d&rsquo;autres personnes en questionnements priv\u00e9s et\/ou professionnels?<\/p>\n\n\n\n<p><strong>Voici les \u00ab\u00a0\u00e9tats d&rsquo;\u00e2me\u00a0\u00bb dans lesquels les personnes arrivent le plus souvent :<\/strong><\/p>\n\n\n\n<ul class=\"wp-block-list\">\n<li>Je me sens bloqu\u00e9e dans mon corps et dans ma vie<\/li>\n\n\n\n<li>J\u2019ai du mal \u00e0 ressentir mon corps<\/li>\n\n\n\n<li>Je n\u2019arrive pas \u00e0 m\u2019ancrer<\/li>\n\n\n\n<li>J\u2019aimerais ouvrir mon c\u0153ur, je m\u2019en sens emp\u00each\u00e9e<\/li>\n\n\n\n<li>J&rsquo;ai beaucoup de tristesse dans mon coeur<\/li>\n\n\n\n<li>Je m&rsquo;oublie<\/li>\n\n\n\n<li>Je perds de mon \u00e9nergie en restant seule chez moi, devant mon ordinateur<\/li>\n\n\n\n<li>Je me sens inond\u00e9e par mes \u00e9motions<\/li>\n\n\n\n<li>J&rsquo;ai besoin de lenteur et d&rsquo;\u00e9merveillement<\/li>\n\n\n\n<li>J&rsquo;adore apprendre<\/li>\n\n\n\n<li>Les \u00e9changes me ressourcent<\/li>\n\n\n\n<li>Je me sens connect\u00e9e \u00e0 la Terre<\/li>\n\n\n\n<li>Je cherche \u00e0 m&rsquo;entourer de personnes bienveillantes<\/li>\n\n\n\n<li>J&rsquo;aimerais d\u00e9couvrir d&rsquo;autres moyens de me comprendre<\/li>\n\n\n\n<li>Je suis en arr\u00eat de travail et j&rsquo;en profite sans culpabiliser<\/li>\n\n\n\n<li>Je sens que je dois me connecter \u00e0 qui je suis<\/li>\n\n\n\n<li>J&rsquo;ai beaucoup de tensions<\/li>\n\n\n\n<li>Mon cerveau prend beaucoup de place, j\u2019ai beaucoup dans la t\u00eate<\/li>\n\n\n\n<li>J&rsquo;aimerais vider mon mental trop charg\u00e9<\/li>\n\n\n\n<li>Je suis curieux, j&rsquo;aime d\u00e9couvrir de nouvelles choses<\/li>\n\n\n\n<li>&#8230;<\/li>\n<\/ul>\n\n\n\n<p><br>Les <strong>ateliers de d\u00e9veloppement personnel<\/strong> par le <strong>Langage du C\u0153ur\u00ae<\/strong> vous guident pas \u00e0 pas vers une <strong>connexion profonde \u00e0 vous-m\u00eame<\/strong>. Gr\u00e2ce \u00e0 des <strong>outils concrets<\/strong>, des <strong>exercices \u00e9nerg\u00e9tiques, d\u2019intelligence \u00e9motionnelle<\/strong>, et un cadre <strong>bienveillant<\/strong>, vous apprendrez \u00e0 \u00e9couter vos besoins, \u00e0 lib\u00e9rer vos blocages, et \u00e0 avancer avec plus de clart\u00e9, de confiance et de s\u00e9r\u00e9nit\u00e9.<br>Une v\u00e9ritable <strong>reconnexion \u00e0 votre essence<\/strong>, pour vivre en harmonie avec qui vous \u00eates vraimen<\/p>\n\n\n\n<p><strong>Quelques retours suite aux journ\u00e9es 4C : <\/strong><\/p>\n\n\n\n<ul class=\"wp-block-list\">\n<li>Tu as su trouver les mots qui font sens pour chacun. Je te f\u00e9licite pour la qualit\u00e9 de ton enseignement, ton professionnalisme.<\/li>\n<\/ul>\n\n\n\n<ul class=\"wp-block-list\">\n<li>MERCI. De par ton t\u00e9moignage, de ce que tu renvoies, tu d\u00e9montres que tout est possible lorsqu\u2019on est \u00e0 l\u2019\u00e9coute de soi-m\u00eame et de nos ressentis. Tu as vraiment trouv\u00e9 ta place.<\/li>\n<\/ul>\n\n\n\n<ul class=\"wp-block-list\">\n<li>J&rsquo;utilise fr\u00e9quemment les exercices li\u00e9s \u00e0 la respiration et au renvoi \u00e0 la terre et cela m\u2019apaise \u00e9norm\u00e9ment, merci. A.<\/li>\n<\/ul>\n\n\n\n<ul class=\"wp-block-list\">\n<li>Je pensais que je ne savais pas m\u2019arr\u00eater et je suis tr\u00e8s fi\u00e8re de l\u2019avoir fait et des b\u00e9n\u00e9fices que cela m\u2019apporte. Je me sens grandie, Merci ! D.<\/li>\n<\/ul>\n\n\n\n<ul class=\"wp-block-list\">\n<li>J\u2019ai ressenti un bien-\u00eatre au plus profond de moi-m\u00eame. Encore un tout grand merci pour la journ\u00e9e de d\u00e9couvertes, de bienveillance, tr\u00e8s int\u00e9ressante. \u00bb J. &nbsp;&nbsp;&nbsp;&nbsp;&nbsp;&nbsp;&nbsp;&nbsp;&nbsp; <\/li>\n<\/ul>\n\n\n\n<p><strong>Concr\u00e8tement :<\/strong><\/p>\n\n\n\n<p>En groupe de maximum 8 personnes.<\/p>\n\n\n\n<p>Formule \u00e0 la s\u00e9ance : 35\u20ac\/2h ou abonnements de 10 s\u00e9ances : 25\u20ac\/2h ou 30 s\u00e9ances : 20\u20ac\/2h (valable un an)<\/p>\n\n\n\n<p>Information et inscription V\u00e9ronique Degroote GSM 0473 56 01 66 ou via l&rsquo;onglet contact. <\/p>\n","protected":false},"excerpt":{"rendered":"<p>NOUVEAU \u00e0 partir d&rsquo;octobre 2025 : je vous invite, chaque semaine, \u00e0 des ateliers pratique de reconnexion \u00e0 soi par les 4C de : Corps, Coeur, Cerveau et Connexion en lien avec le Langage Du Coeur\u00ae Quand? Les mardis en matin\u00e9e de 10h \u00e0 12h, en fonction de vos disponibilit\u00e9s \u00e0 partir du 4 novembre [&hellip;]<\/p>\n","protected":false},"author":1,"featured_media":0,"parent":587,"menu_order":0,"comment_status":"closed","ping_status":"closed","template":"","meta":{"footnotes":""},"class_list":["post-955","page","type-page","status-publish","hentry"],"_links":{"self":[{"href":"https:\/\/www.formalogo.be\/index.php?rest_route=\/wp\/v2\/pages\/955","targetHints":{"allow":["GET"]}}],"collection":[{"href":"https:\/\/www.formalogo.be\/index.php?rest_route=\/wp\/v2\/pages"}],"about":[{"href":"https:\/\/www.formalogo.be\/index.php?rest_route=\/wp\/v2\/types\/page"}],"author":[{"embeddable":true,"href":"https:\/\/www.formalogo.be\/index.php?rest_route=\/wp\/v2\/users\/1"}],"replies":[{"embeddable":true,"href":"https:\/\/www.formalogo.be\/index.php?rest_route=%2Fwp%2Fv2%2Fcomments&post=955"}],"version-history":[{"count":12,"href":"https:\/\/www.formalogo.be\/index.php?rest_route=\/wp\/v2\/pages\/955\/revisions"}],"predecessor-version":[{"id":1097,"href":"https:\/\/www.formalogo.be\/index.php?rest_route=\/wp\/v2\/pages\/955\/revisions\/1097"}],"up":[{"embeddable":true,"href":"https:\/\/www.formalogo.be\/index.php?rest_route=\/wp\/v2\/pages\/587"}],"wp:attachment":[{"href":"https:\/\/www.formalogo.be\/index.php?rest_route=%2Fwp%2Fv2%2Fmedia&parent=955"}],"curies":[{"name":"wp","href":"https:\/\/api.w.org\/{rel}","templated":true}]}}