{"id":927,"date":"2025-08-06T09:29:05","date_gmt":"2025-08-06T08:29:05","guid":{"rendered":"https:\/\/www.formalogo.be\/?page_id=927"},"modified":"2026-04-15T20:33:14","modified_gmt":"2026-04-15T19:33:14","slug":"qui-suis-je","status":"publish","type":"page","link":"https:\/\/www.formalogo.be\/?page_id=927","title":{"rendered":"Qui suis-je ?"},"content":{"rendered":"\n<figure class=\"wp-block-gallery has-nested-images columns-default is-cropped wp-block-gallery-1 is-layout-flex wp-block-gallery-is-layout-flex\">\n<figure class=\"wp-block-image size-large\"><a href=\"https:\/\/www.formalogo.be\/wp-content\/uploads\/2025\/08\/moi-fou-rire.png\"><img loading=\"lazy\" decoding=\"async\" width=\"420\" height=\"628\" data-id=\"966\" src=\"https:\/\/www.formalogo.be\/wp-content\/uploads\/2025\/08\/moi-fou-rire.png\" alt=\"\" class=\"wp-image-966\" srcset=\"https:\/\/www.formalogo.be\/wp-content\/uploads\/2025\/08\/moi-fou-rire.png 420w, https:\/\/www.formalogo.be\/wp-content\/uploads\/2025\/08\/moi-fou-rire-201x300.png 201w\" sizes=\"auto, (max-width: 420px) 100vw, 420px\" \/><\/a><\/figure>\n<\/figure>\n\n\n\n<p>De \u00ab\u00a0formatrice en dyscalculie\u00a0\u00bb aux \u00ab\u00a0\u00e9critures d&rsquo;\u00e2mes\u00a0\u00bb\u2026 Une m\u00e9tamorphose guid\u00e9e par le C\u0153ur.<br><br>Orthophoniste, formatrice, coach spirituelle, auteure et conf\u00e9renci\u00e8re internationale depuis presque 30 ans,  dans le domaine des apprentissages et de la connaissance de soi.<\/p>\n\n\n\n<p>Apr\u00e8s mes \u00e9tudes de logop\u00e9die et jusqu\u2019\u00e0 ce jour, j\u2019ai ressenti le besoin de me former, de lire, \u00e9changer pour toujours mieux comprendre le fonctionnement humain.<\/p>\n\n\n\n<p>J\u2019ai suivi de multiples formations telles que la Programmation Neuro Linguistique (PNL), la Communication Non Violent (CNV), la sophrologie, la kin\u00e9siologie, l\u2019Analyse Transactionnelle (AT), le reiki, la psycho\u00e9nergie et le d\u00e9veloppement intuitif en lien avec ce que j\u2019appelle les \u00ab\u00a04C\u00a0\u00bb de\u00a0:<\/p>\n\n\n\n<ul class=\"wp-block-list\">\n<li>Cerveau,<\/li>\n\n\n\n<li>C\u0153ur,<\/li>\n\n\n\n<li>Corps et<\/li>\n\n\n\n<li>Connexions\/Connaissance\/Conscience.<\/li>\n<\/ul>\n\n\n\n<p>Je suis profond\u00e9ment <strong>SENS<\/strong>ible.<\/p>\n\n\n\n<p>J\u2019ai ce besoin visc\u00e9ral de comprendre le <strong>sens<\/strong> des choses, de ne jamais rester en surface.<\/p>\n\n\n\n<p>Mes <strong>sens<\/strong>, et en particulier mon audition, ma vue, mon odorat et ma sensibilit\u00e9 tactile, sont particuli\u00e8rement aiguis\u00e9s, comme des antennes ouvertes sur le monde.<\/p>\n\n\n\n<p>Je res<strong>sens<\/strong> les \u00e9motions des autres, mais aussi, plus subtilement, ce qui les appelle, ce qui cherche \u00e0 se d\u00e9ployer en eux.<\/p>\n\n\n\n<p>Je per\u00e7ois la \u201cmission\u201d des personnes qui viennent \u00e0 moi, m\u00eame lorsqu\u2019elles n\u2019en ont pas encore conscience. Je leur donne un <strong>sens<\/strong> \u00e0 leur vie.<\/p>\n\n\n\n<ul class=\"wp-block-list\">\n<li>En tant qu&rsquo;experte en dyscalculie, j\u2019ai mis tout mon c\u0153ur \u00e0 cr\u00e9er des <strong>outils ludiques<\/strong> qui mettent du SENS et du PLAISIR sur les nombres et les op\u00e9rations. Les <strong>jeux Mathoie, Mathop\u00e8re, Mathoexpert et Famimath<\/strong> sont destin\u00e9s aux professionnels (logop\u00e8des-orthophonistes-enseignants-orthop\u00e9dagogues) pour que l\u2019apprentissage devienne un chemin de mise en lumi\u00e8re et d&rsquo;ECLAIRAGE pour tous.<\/li>\n<\/ul>\n\n\n\n<p>J&rsquo;accompagne enfants, adolescents et adultes vers une meilleure compr\u00e9hension d\u2019eux-m\u00eames.<\/p>\n\n\n\n<ul class=\"wp-block-list\">\n<li>Autrice du <strong>livre <\/strong>\u00ab Tout r\u00e9ussir gr\u00e2ce au Langage du C\u0153ur\u00ae. Les r\u00e9ponses sont en nous \u00bb, je transmets ma conviction que les r\u00e9ponses essentielles sont d\u00e9j\u00e0 en nous.<\/li>\n<\/ul>\n\n\n\n<ul class=\"wp-block-list\">\n<li>HyperSENSible et empathique j\u2019ai d\u00e9velopp\u00e9 le <strong>Langage Du C\u0153ur\u00ae<\/strong> pour une \u00e9coute plus profonde et juste de la personne.<\/li>\n<\/ul>\n\n\n\n<ul class=\"wp-block-list\">\n<li>Le Langage Du Coeur\u00ae<strong> <\/strong>est un outil tr\u00e8s puissant pour retrouver clart\u00e9 et apaisement en une s\u00e9ance individuelle ou lors de mes journ\u00e9es de formations. Il qui permet de mettre des mots sur notre part inconsciente, notre \u00ab\u00a0Grand Moi\u00a0\u00bb.<\/li>\n<\/ul>\n\n\n\n<ul class=\"wp-block-list\">\n<li>Je propose des journ\u00e9es de <strong>pratique d\u2019\u00e9veil \u00e0 Soi<\/strong> par les 4C de : Corps, Coeur, Cerveau et Connexions et des <strong>parcours transformationnels<\/strong>.<\/li>\n<\/ul>\n\n\n\n<p>Depuis 2020 j&rsquo;ai ainsi accompagn\u00e9, \u00e9clair\u00e9 et lib\u00e9r\u00e9 des centaines de personnes avec douceur et bienveillance.<\/p>\n\n\n\n<p>Au plus profond de \u00ab\u00a0nous-m&rsquo;aime\u00a0\u00bb, se trouve la r\u00e9ponse \u00e0 toutes nos questions. En \u00e9coutant notre coeur et non plus uniquement notre mental, tout s&rsquo;apaise comme par magie (l&rsquo;\u00e2me qui agit).<\/p>\n\n\n\n<p>Votre corps SAIT, je vous guide, tout en douceur, pour vous apprendre \u00e0 l&rsquo;ECOUTER.<\/p>\n\n\n\n<p><\/p>\n","protected":false},"excerpt":{"rendered":"<p>De \u00ab\u00a0formatrice en dyscalculie\u00a0\u00bb aux \u00ab\u00a0\u00e9critures d&rsquo;\u00e2mes\u00a0\u00bb\u2026 Une m\u00e9tamorphose guid\u00e9e par le C\u0153ur. Orthophoniste, formatrice, coach spirituelle, auteure et conf\u00e9renci\u00e8re internationale depuis presque 30 ans, dans le domaine des apprentissages et de la connaissance de soi. Apr\u00e8s mes \u00e9tudes de logop\u00e9die et jusqu\u2019\u00e0 ce jour, j\u2019ai ressenti le besoin de me former, de lire, \u00e9changer [&hellip;]<\/p>\n","protected":false},"author":1,"featured_media":0,"parent":0,"menu_order":0,"comment_status":"closed","ping_status":"closed","template":"","meta":{"footnotes":""},"class_list":["post-927","page","type-page","status-publish","hentry"],"_links":{"self":[{"href":"https:\/\/www.formalogo.be\/index.php?rest_route=\/wp\/v2\/pages\/927","targetHints":{"allow":["GET"]}}],"collection":[{"href":"https:\/\/www.formalogo.be\/index.php?rest_route=\/wp\/v2\/pages"}],"about":[{"href":"https:\/\/www.formalogo.be\/index.php?rest_route=\/wp\/v2\/types\/page"}],"author":[{"embeddable":true,"href":"https:\/\/www.formalogo.be\/index.php?rest_route=\/wp\/v2\/users\/1"}],"replies":[{"embeddable":true,"href":"https:\/\/www.formalogo.be\/index.php?rest_route=%2Fwp%2Fv2%2Fcomments&post=927"}],"version-history":[{"count":11,"href":"https:\/\/www.formalogo.be\/index.php?rest_route=\/wp\/v2\/pages\/927\/revisions"}],"predecessor-version":[{"id":1257,"href":"https:\/\/www.formalogo.be\/index.php?rest_route=\/wp\/v2\/pages\/927\/revisions\/1257"}],"wp:attachment":[{"href":"https:\/\/www.formalogo.be\/index.php?rest_route=%2Fwp%2Fv2%2Fmedia&parent=927"}],"curies":[{"name":"wp","href":"https:\/\/api.w.org\/{rel}","templated":true}]}}