{"id":83,"date":"2014-11-11T21:56:28","date_gmt":"2014-11-11T20:56:28","guid":{"rendered":"http:\/\/www.formalogo.be\/new\/?page_id=83"},"modified":"2026-04-14T20:51:53","modified_gmt":"2026-04-14T19:51:53","slug":"dyscalculie","status":"publish","type":"page","link":"https:\/\/www.formalogo.be\/?page_id=83","title":{"rendered":"Cognition math formation en ligne"},"content":{"rendered":"<div class=\"editor-visual-editor__post-title-wrapper edit-post-visual-editor__post-title-wrapper\" contenteditable=\"false\">\n<h1 class=\"wp-block wp-block-post-title block-editor-block-list__block editor-post-title editor-post-title__input rich-text\" role=\"textbox\" contenteditable=\"true\" aria-label=\"Saisissez le titre\" aria-multiline=\"true\">Formation-S\u00e9minaire en dyscalculie en ligne<\/h1>\n<\/div>\n<div class=\"is-root-container is-desktop-preview is-layout-flow wp-block-post-content block-editor-block-list__layout\" data-is-drop-zone=\"true\">\n<p id=\"block-10794f47-bdd8-4b31-be80-ff96e888c127\" class=\"block-editor-rich-text__editable block-editor-block-list__block wp-block wp-block-paragraph rich-text is-hovered\" role=\"document\" contenteditable=\"true\" aria-multiline=\"true\" aria-readonly=\"false\" aria-label=\"Bloc\u00a0: paragraphe\" data-block=\"10794f47-bdd8-4b31-be80-ff96e888c127\" data-type=\"core\/paragraph\" data-title=\"Paragraphe\" data-empty=\"false\" data-wp-block-attribute-key=\"content\"><strong>Quelques retours : <\/strong><\/p>\n<p id=\"block-2dbac57c-c75f-44e2-b067-60147ecb2f00\" class=\"block-editor-rich-text__editable block-editor-block-list__block wp-block wp-block-paragraph rich-text\" role=\"document\" contenteditable=\"true\" aria-multiline=\"true\" aria-readonly=\"false\" aria-label=\"Bloc\u00a0: paragraphe\" data-block=\"2dbac57c-c75f-44e2-b067-60147ecb2f00\" data-type=\"core\/paragraph\" data-title=\"Paragraphe\" data-empty=\"false\" data-wp-block-attribute-key=\"content\">28\/9 <em>Merci beaucoup pour vos vid\u00e9os, tr\u00e8s riches et int\u00e9ressantes&#8230;. il faudra que j&rsquo;y revienne<\/em>. <em>J&rsquo;aime beaucoup le m\u00e9lange th\u00e9orie-pratique. J&rsquo;ai la plupart du mat\u00e9riel que vous \u00e9voquez et souvent soit je ne l&rsquo;utilise pas, soit je l&rsquo;utilise car je le trouve int\u00e9ressant mais sans vraiment savoir ce que je travaille. Donc votre formation r\u00e9pond \u00e0 beaucoup de mes questions. J&rsquo;ai suivi la formation du GEPALM mais je pr\u00e9f\u00e8re utiliser du mat\u00e9riel existant. <\/em>A.<\/p>\n<p id=\"block-5038777f-664f-4923-ac90-f920a7b8f891\" class=\"block-editor-rich-text__editable block-editor-block-list__block wp-block wp-block-paragraph rich-text\" role=\"document\" contenteditable=\"true\" aria-multiline=\"true\" aria-readonly=\"false\" aria-label=\"Bloc\u00a0: paragraphe\" data-block=\"5038777f-664f-4923-ac90-f920a7b8f891\" data-type=\"core\/paragraph\" data-title=\"Paragraphe\" data-empty=\"false\" data-wp-block-attribute-key=\"content\">1\/10 <em>Je viens de terminer le visionnage des vid\u00e9os et je suis vraiment ravie du contenu ! C\u2019est exactement le type de formation que je recherchais pour me lancer davantage en logico-math. Toutes ces id\u00e9es de mat\u00e9riel sont tr\u00e8s riches, et le lien avec la th\u00e9orie toujours pr\u00e9sent. Les pistes de gestion mentale sont \u00e9galement tr\u00e8s int\u00e9ressantes<\/em>. <em>Je vais relire l\u2019ensemble de mes notes mais \u00e0 priori je n\u2019ai pas de question pr\u00e9cise, les pr\u00e9sentations \u00e9taient vraiment claires. J\u2019imagine que les questions viendront surtout quand je serai face aux enfants !\u00a0<\/em><\/p>\n<p id=\"block-0bda3e0b-2f2e-4f75-b530-c14fe4b5eb3d\" class=\"block-editor-rich-text__editable block-editor-block-list__block wp-block wp-block-paragraph rich-text\" role=\"document\" contenteditable=\"true\" aria-multiline=\"true\" aria-readonly=\"false\" aria-label=\"Bloc\u00a0: paragraphe\" data-block=\"0bda3e0b-2f2e-4f75-b530-c14fe4b5eb3d\" data-type=\"core\/paragraph\" data-title=\"Paragraphe\" data-empty=\"false\" data-wp-block-attribute-key=\"content\"><em>Merci d\u2019avoir pris le temps d\u2019enregistrer ces vid\u00e9os, je trouve ce format vraiment tr\u00e8s int\u00e9ressant car le fait de visionner les vid\u00e9os de fa\u00e7on \u00e9tal\u00e9e permet d\u2019int\u00e9grer davantage et de fa\u00e7on moins concentr\u00e9e le contenu de la formation.\u00a0<\/em><\/p>\n<p id=\"block-fcd69389-f7a9-49a9-aaf3-2c6f1c17417a\" class=\"block-editor-rich-text__editable block-editor-block-list__block wp-block wp-block-paragraph rich-text\" role=\"document\" contenteditable=\"true\" aria-multiline=\"true\" aria-readonly=\"false\" aria-label=\"Bloc\u00a0: paragraphe\" data-block=\"fcd69389-f7a9-49a9-aaf3-2c6f1c17417a\" data-type=\"core\/paragraph\" data-title=\"Paragraphe\" data-empty=\"false\" data-wp-block-attribute-key=\"content\"><em>Merci encore pour le partage tr\u00e8s riche de votre pratique ! <\/em>F.<\/p>\n<p id=\"block-a80c0b98-579c-4049-91ac-5d9f3e6785c9\" class=\"block-editor-rich-text__editable block-editor-block-list__block wp-block wp-block-paragraph rich-text\" role=\"document\" contenteditable=\"true\" aria-multiline=\"true\" aria-readonly=\"false\" aria-label=\"Bloc\u00a0: paragraphe\" data-block=\"a80c0b98-579c-4049-91ac-5d9f3e6785c9\" data-type=\"core\/paragraph\" data-title=\"Paragraphe\" data-empty=\"false\" data-wp-block-attribute-key=\"content\">3\/10 <em>Bravo pour la pertinence de votre formation. Enfin une formation en cognition math\u00e9matique d\u00e9passant le clivage piaget &#8211; neurosciences ! Cordialement<\/em>. A.<\/p>\n<p id=\"block-0029978f-8ba4-4c1f-863a-31d0998dbab5\" class=\"block-editor-rich-text__editable block-editor-block-list__block wp-block wp-block-paragraph rich-text\" role=\"document\" contenteditable=\"true\" aria-multiline=\"true\" aria-readonly=\"false\" aria-label=\"Bloc\u00a0: paragraphe\" data-block=\"0029978f-8ba4-4c1f-863a-31d0998dbab5\" data-type=\"core\/paragraph\" data-title=\"Paragraphe\" data-empty=\"false\" data-wp-block-attribute-key=\"content\">3\/10 <em>En tout cas je vous remercie pour la qualit\u00e9 de toutes vos vid\u00e9os. Tout \u00e9tait tr\u00e8s clair.\u00a0<\/em>Ch.<\/p>\n<p id=\"block-235cfa6a-c23d-47f2-9c95-44c9403ac3ca\" class=\"block-editor-rich-text__editable block-editor-block-list__block wp-block wp-block-paragraph rich-text\" role=\"document\" contenteditable=\"true\" aria-multiline=\"true\" aria-readonly=\"false\" aria-label=\"Bloc\u00a0: paragraphe\" data-block=\"235cfa6a-c23d-47f2-9c95-44c9403ac3ca\" data-type=\"core\/paragraph\" data-title=\"Paragraphe\" data-empty=\"false\" data-wp-block-attribute-key=\"content\">4\/10 <em>Suite \u00e0 la formation en Visio , je vous remercie pour ces pistes nouvelles et compl\u00e9mentaires pour moi (formation cogi&rsquo;act ) Cela m&rsquo;a donn\u00e9 une vision plus globale et des liens plus clairs avec les nombres !<\/em> F.<\/p>\n<p id=\"block-87f78f65-e546-45e7-be9e-a74b4b3a7bc5\" class=\"block-editor-rich-text__editable block-editor-block-list__block wp-block wp-block-paragraph rich-text\" role=\"document\" contenteditable=\"true\" aria-multiline=\"true\" aria-readonly=\"false\" aria-label=\"Bloc\u00a0: paragraphe\" data-block=\"87f78f65-e546-45e7-be9e-a74b4b3a7bc5\" data-type=\"core\/paragraph\" data-title=\"Paragraphe\" data-empty=\"false\" data-wp-block-attribute-key=\"content\">5\/10\u00a0 <em>Merci pour cette formation, \u00e0 la fois th\u00e9orique et pratique (ce qui est plus rare\u00a0)\u2026 De quoi raviver les connaissances d\u2019une orthophoniste ayant fait le Gepalm, il y a plus de 20 ans.<\/em> C.<\/p>\n<p id=\"block-23c8e41c-43a4-4814-b7e5-5aaf714deb57\" class=\"block-editor-rich-text__editable block-editor-block-list__block wp-block wp-block-paragraph rich-text\" role=\"document\" contenteditable=\"true\" aria-multiline=\"true\" aria-readonly=\"false\" aria-label=\"Bloc\u00a0: paragraphe\" data-block=\"23c8e41c-43a4-4814-b7e5-5aaf714deb57\" data-type=\"core\/paragraph\" data-title=\"Paragraphe\" data-empty=\"false\" data-wp-block-attribute-key=\"content\">6\/4\/25 <em>Merci pour ces nouveaux documents, et un immense merci pour cette formation. Cela m&rsquo;a vraiment donn\u00e9 envie de me relancer petit \u00e0 petit dans les r\u00e9\u00e9ducations logicomaths, pour lesquelles je ne me sentais pas capable, pas ajust\u00e9e, pas assez outill\u00e9e. Cela m&rsquo;a remotiv\u00e9e! D&rsquo;autant plus que c&rsquo;est tout \u00e0 fait dans la logique de la gestion mentale qui est maintenant une partie int\u00e9grante de mes r\u00e9\u00e9ducations.<\/em><\/p>\n<p id=\"block-5a5a5957-d068-4e03-9c81-b9007331a3d2\" class=\"block-editor-rich-text__editable block-editor-block-list__block wp-block wp-block-paragraph rich-text\" role=\"document\" contenteditable=\"true\" aria-multiline=\"true\" aria-readonly=\"false\" aria-label=\"Bloc\u00a0: paragraphe\" data-block=\"5a5a5957-d068-4e03-9c81-b9007331a3d2\" data-type=\"core\/paragraph\" data-title=\"Paragraphe\" data-empty=\"false\" data-wp-block-attribute-key=\"content\">5\/10 <em>Le format en diff\u00e9rentes vid\u00e9os \u00e9tait bien adapt\u00e9, attractif et pas du tout \u00ab\u00a0ennuyeux\u00a0\u00bb (c&rsquo;\u00e9tait une de mes craintes en m&rsquo;engageant pour une formation en ligne, sans contact social), j&rsquo;ai pris plaisir \u00e0 faire les activit\u00e9s, \u00e0 chercher combien il y a de mots nombres, \u00e0 faire les combinaisons de parfums de glace ou autre, je ne m&rsquo;attendais pas \u00e0 pouvoir exp\u00e9rimenter en ligne! Maintenant, vivement de pouvoir appliquer et vivre tout cela en s\u00e9ance avec les enfants. Il y aura sans doute des questions qui arriveront \u00e0 ce moment-l\u00e0, et c&rsquo;est tr\u00e8s\u00a0 gentil \u00e0 vous de rester disponible pour y r\u00e9pondre.<\/em> \u00a0<em>Bravo pour votre travail et merci encore<\/em>. S.<\/p>\n<p id=\"block-9e2a4353-225f-482d-83da-26f1afe2cc7f\" class=\"block-editor-rich-text__editable block-editor-block-list__block wp-block wp-block-paragraph rich-text\" role=\"document\" contenteditable=\"true\" aria-multiline=\"true\" aria-readonly=\"false\" aria-label=\"Bloc\u00a0: paragraphe\" data-block=\"9e2a4353-225f-482d-83da-26f1afe2cc7f\" data-type=\"core\/paragraph\" data-title=\"Paragraphe\" data-empty=\"false\" data-wp-block-attribute-key=\"content\"><em>La formation \u00e9tait tout \u00e0 fait ce qu&rsquo;il me fallait car j&rsquo;avais d\u00e9j\u00e0 suivi d&rsquo;autres formations plus th\u00e9oriques je dirais qui ne me donnaient pas beaucoup d&rsquo;exemples d&rsquo;activit\u00e9s \u00e0 faire avec les enfants. Je savais donc quoi travailler mais toujours comment et surtout comment varier les activit\u00e9s et proposer plusieurs jeux qui travaillent la m\u00eame chose finalement afin que l&rsquo;enfant puisse faire des liens.<\/em> Donc c&rsquo;est vraiment top!Merci pour votre travail. Tout \u00e9tait tr\u00e8s clair. S.<\/p>\n<p id=\"block-2d0dca92-d7d7-4ee1-8caa-b74ea865fb72\" class=\"block-editor-rich-text__editable block-editor-block-list__block wp-block wp-block-paragraph rich-text\" role=\"document\" contenteditable=\"true\" aria-multiline=\"true\" aria-readonly=\"false\" aria-label=\"Bloc\u00a0: paragraphe\" data-block=\"2d0dca92-d7d7-4ee1-8caa-b74ea865fb72\" data-type=\"core\/paragraph\" data-title=\"Paragraphe\" data-empty=\"false\" data-wp-block-attribute-key=\"content\"><em>Le contenu de tes vid\u00e9os est juste parfait \ud83d\udc4c. Je m\u2019amuse beaucoup cognitivement et j\u2019essaye de d\u00e9j\u00e0 mettre en application les concepts au sein de mes s\u00e9ances. Les enfants aussi s\u2019amusent beaucoup sans avoir l\u2019impression de faire des maths comme ils les connaissaient (les combinatoires sont superbes pour \u00e7a).\u00a0<\/em><\/p>\n<p id=\"block-060e87a7-3653-4c36-9273-17a31aa7711a\" class=\"block-editor-rich-text__editable block-editor-block-list__block wp-block wp-block-paragraph rich-text\" role=\"document\" contenteditable=\"true\" aria-multiline=\"true\" aria-readonly=\"false\" aria-label=\"Bloc\u00a0: paragraphe\" data-block=\"060e87a7-3653-4c36-9273-17a31aa7711a\" data-type=\"core\/paragraph\" data-title=\"Paragraphe\" data-empty=\"false\" data-wp-block-attribute-key=\"content\">&#8230;<\/p>\n<\/div>\n\n\n<p><\/p>\n\n\n\n<p>ET POUR ALLER PLUS LOIN : 1 journ\u00e9e de pr\u00e9sentation de mat\u00e9riels travaillant les <strong>4 OP\u00c9RATIONS math\u00e9matiques (date sur demande).<\/strong><\/p>\n\n\n\n<p><strong>Nouveau!! cette formation sur les 4 op\u00e9rations math\u00e9matiques est \u00e9galement disponible EN LIGNE.<br><\/strong><\/p>\n\n\n\n<p>Selon le m\u00eame canevas que lors de ma pr\u00e9c\u00e9dente formation, cette pr\u00e9sentation interactive vous apportera plein d\u2019id\u00e9es d\u2019activit\u00e9s, d\u2019ouvrages et de mat\u00e9riels pour mieux comprendre et faire comprendre les 4 op\u00e9rations math\u00e9matiques et leurs pi\u00e8ges.<\/p>\n\n\n\n<p>Les mat\u00e9riels Cuisenaire et Montessori serviront de trame.<\/p>\n\n\n\n<p>20 vid\u00e9os (dont 10 films) vont aideront \u00e0 faire les liens avec ce qui a \u00e9t\u00e9 dit pr\u00e9c\u00e9demment concernant notre num\u00e9ration, le d\u00e9nombrement, le langage sp\u00e9cifique, les \u00e9quivalences et les fonctions ex\u00e9cutives.<\/p>\n\n\n\n<p><strong>Objectifs<\/strong>: donner de nouvelles pistes\/approches pour travailler les 4 op\u00e9rations de mani\u00e8re ludique, concr\u00e8te et transf\u00e9rable.<\/p>\n\n\n\n<p><strong>Programme :<\/strong><\/p>\n\n\n\n<p>A l\u2019aide notamment des r\u00e9glettes Cuisenaire et mat\u00e9riel Montessori, d\u00e9couverte&nbsp;:<\/p>\n\n\n\n<p>\u2013 Des compl\u00e9ments pour faire 10 et le lien avec les calculs plus complexes.<\/p>\n\n\n\n<p>\u2013 De la construction des nombres jusqu\u2019aux millions (\u00e9criture, lecture).<\/p>\n\n\n\n<p>\u2013 Pr\u00e9sentation des 4 op\u00e9rations et des diff\u00e9rentes techniques op\u00e9ratoires (commutativit\u00e9, associativit\u00e9, inclusion, ordination, \u00e9quivalence, substitution).<\/p>\n\n\n\n<p>\u2013 Des similitudes et diff\u00e9rences entre l\u2019op\u00e9ration d\u2019addition et de multiplication ainsi que de l\u2019op\u00e9ration de soustraction et de division.<\/p>\n\n\n\n<p>\u2013 Des diff\u00e9rents types de division et de soustraction en lien avec les \u00e9nonc\u00e9s de probl\u00e8mes.<\/p>\n\n\n\n<p>\u2013 Introduction aux fractions (les nommer, \u00e9crire, chercher les \u00e9quivalences)<\/p>\n\n\n\n<p><strong><em>Merci de remplir le formulaire ci-dessous et d\u2019indiquer les dates concern\u00e9es.<\/em><\/strong><\/p>\n\n\n\n<p><a href=\"http:\/\/www.formalogo.be\/?page_id=156\"><strong>&nbsp;Agenda et inscription aux prochaines formations<\/strong><\/a><\/p>\n\n\n\n<p>N\u2019h\u00e9sitez pas \u00e0 faire une demande de formation dans votre r\u00e9gion, je me d\u00e9place volontiers.<\/p>\n","protected":false},"excerpt":{"rendered":"<p>Formation-S\u00e9minaire en dyscalculie en ligne Quelques retours : 28\/9 Merci beaucoup pour vos vid\u00e9os, tr\u00e8s riches et int\u00e9ressantes&#8230;. il faudra que j&rsquo;y revienne. J&rsquo;aime beaucoup le m\u00e9lange th\u00e9orie-pratique. J&rsquo;ai la plupart du mat\u00e9riel que vous \u00e9voquez et souvent soit je ne l&rsquo;utilise pas, soit je l&rsquo;utilise car je le trouve int\u00e9ressant mais sans vraiment savoir [&hellip;]<\/p>\n","protected":false},"author":1,"featured_media":0,"parent":27,"menu_order":1,"comment_status":"closed","ping_status":"closed","template":"","meta":{"footnotes":""},"class_list":["post-83","page","type-page","status-publish","hentry"],"_links":{"self":[{"href":"https:\/\/www.formalogo.be\/index.php?rest_route=\/wp\/v2\/pages\/83","targetHints":{"allow":["GET"]}}],"collection":[{"href":"https:\/\/www.formalogo.be\/index.php?rest_route=\/wp\/v2\/pages"}],"about":[{"href":"https:\/\/www.formalogo.be\/index.php?rest_route=\/wp\/v2\/types\/page"}],"author":[{"embeddable":true,"href":"https:\/\/www.formalogo.be\/index.php?rest_route=\/wp\/v2\/users\/1"}],"replies":[{"embeddable":true,"href":"https:\/\/www.formalogo.be\/index.php?rest_route=%2Fwp%2Fv2%2Fcomments&post=83"}],"version-history":[{"count":69,"href":"https:\/\/www.formalogo.be\/index.php?rest_route=\/wp\/v2\/pages\/83\/revisions"}],"predecessor-version":[{"id":1250,"href":"https:\/\/www.formalogo.be\/index.php?rest_route=\/wp\/v2\/pages\/83\/revisions\/1250"}],"up":[{"embeddable":true,"href":"https:\/\/www.formalogo.be\/index.php?rest_route=\/wp\/v2\/pages\/27"}],"wp:attachment":[{"href":"https:\/\/www.formalogo.be\/index.php?rest_route=%2Fwp%2Fv2%2Fmedia&parent=83"}],"curies":[{"name":"wp","href":"https:\/\/api.w.org\/{rel}","templated":true}]}}