{"id":587,"date":"2022-01-27T10:25:50","date_gmt":"2022-01-27T09:25:50","guid":{"rendered":"https:\/\/www.formalogo.be\/?page_id=587"},"modified":"2026-02-01T21:16:57","modified_gmt":"2026-02-01T20:16:57","slug":"cpa","status":"publish","type":"page","link":"https:\/\/www.formalogo.be\/?page_id=587","title":{"rendered":"Langage Du Coeur\u00ae-CPA"},"content":{"rendered":"\n<hr class=\"wp-block-separator has-css-opacity\"\/>\n\n\n\n<p>Logop\u00e8de-orthophoniste, formatrice et conf\u00e9renci\u00e8re depuis plus de 25 ans. <\/p>\n\n\n\n<p>Je suis passionn\u00e9e d&rsquo;apprentissage, j\u2019ai suivi de nombreuses formations alliant <strong>le corps, les \u00e9motions, les neurosciences et l\u2019\u00e9nerg\u00e9tique<\/strong>. Celles-ci m\u2019ont notamment permis de confirmer mon intuition selon laquelle <strong>nous avons tous en nous d\u2019\u00e9normes richesses <\/strong>et la r\u00e9ponse \u00e0 toutes nos questions. <\/p>\n\n\n\n<p>J&rsquo;ai le don d&rsquo;ouvrir votre coeur tout en douceur pour que vous puissiez trouver EN VOUS : r\u00e9ponses, paix et s\u00e9r\u00e9nit\u00e9.<\/p>\n\n\n\n<p>Depuis toujours on me confie des choses que l&rsquo;on ne partage pas forc\u00e9ment \u00e0 tout le monde.<\/p>\n\n\n\n<p>En 2019 je me suis form\u00e9e \u00e0 la Communication Profonde Accompagn\u00e9e (o\u00f9 j&rsquo;ai appris \u00e0 entendre et retranscrire les fr\u00e9quences du c\u0153ur sur une tablette). Et, \u00e0 ce jour, j&rsquo;ai \u00e9crit pr\u00e8s de 300 textes en \u00e9tant connect\u00e9e \u00e0 la partie de vous qui SAIT\/ votre \u00ab\u00a0Moi profond\u00a0\u00bb\/votre \u00e2me.<\/p>\n\n\n\n<p>Nous naissons \u00ab\u00a0full option\u00a0\u00bb avec toutes les pi\u00e8ces de notre \u00ab\u00a0puzzle de vie\u00a0\u00bb mais malheureusement sans le mod\u00e8le \u00e0 suivre pour les agencer au mieux. Mon r\u00f4le consiste \u00e0 vous re.donner ce mod\u00e8le (que vous avez enfui inconsciemment) pour que vous puissiez remettre de l&rsquo;ordre dans vos pi\u00e8ces le plus naturellement possible. <\/p>\n\n\n\n<p>Vous vous sentez alors entier.e et unifi\u00e9.e, en paix avec \u00ab\u00a0vous-m&rsquo;aime.\u00a0\u00bb<\/p>\n\n\n\n<ul class=\"wp-block-list\">\n<li>Ce merveilleux outil est tellement toujours juste et puissant que <strong>je forme<\/strong> depuis 2022 <strong>les coachs et th\u00e9rapeutes<\/strong> ou toute personne en recherche de sens et d&rsquo;outils innovants. Mon prochain parcours transformationnel d\u00e9butera le 18 avril  2026.<\/li>\n<\/ul>\n\n\n\n<ul class=\"wp-block-list\">\n<li>Je propose \u00e9galement des <strong>soins en individuel<\/strong> (\u00e9galement possible \u00e0 distance) pour les personnes (adultes ou enfants) qui sont en questionnement et qui souhaitent un \u00e9clairage et\/ou une lib\u00e9ration imm\u00e9diate dans leur vie tant professionnelle que priv\u00e9e.                                                                                                 <\/li>\n\n\n\n<li>Des <strong>journ\u00e9es de reconnexion \u00e0 soi <\/strong>\u00e0 Braine L&rsquo;Alleud, en pleine nature. Ces journ\u00e9es se veulent avant tout pratiques et riches de rencontres et de d\u00e9couvertes. Je les propose r\u00e9guli\u00e8rement comme d\u00e9taill\u00e9 dans l&rsquo;onglet \u00ab\u00a0Journ\u00e9e d\u00e9couverte 4C de : Corps, Corps, Cerveau et Connexions\u00a0\u00bb.<\/li>\n<\/ul>\n\n\n\n<p>La prochaine aura lieu \u00e0 <strong>Braine-l&rsquo;Alleud le 3\/3\/26<\/strong><\/p>\n\n\n\n<ul class=\"wp-block-list\">\n<li>J&rsquo;ai \u00e9crit le <strong>livre \u00ab\u00a0Tout r\u00e9ussir gr\u00e2ce au Langage Du Coeur\u00a0\u00bb <\/strong>qui vous sera offert lors du prochain atelier Conf\u00e9rence chez \u00c2me et conscience \u00e0 Wavre le 28\/2 \u00e0 14h.<\/li>\n<\/ul>\n\n\n\n<figure class=\"wp-block-embed\"><div class=\"wp-block-embed__wrapper\">\nhttps:\/\/ame-et-conscience.be\/105-event\n<\/div><\/figure>\n\n\n\n<p>Toutes les r\u00e9ponses sont en nous mais parfois notre conditionnement est tellement fort que l\u2019on a besoin de quelqu\u2019un d\u2019ext\u00e9rieur pour se rappeler ce que l\u2019on a oubli\u00e9.<\/p>\n\n\n\n<p><strong>T\u00e9moignages<\/strong> :<\/p>\n\n\n\n<figure class=\"wp-block-image size-full\"><a href=\"https:\/\/www.formalogo.be\/wp-content\/uploads\/2024\/09\/LDC.png\"><img loading=\"lazy\" decoding=\"async\" width=\"801\" height=\"334\" src=\"https:\/\/www.formalogo.be\/wp-content\/uploads\/2024\/09\/LDC.png\" alt=\"\" class=\"wp-image-792\" srcset=\"https:\/\/www.formalogo.be\/wp-content\/uploads\/2024\/09\/LDC.png 801w, https:\/\/www.formalogo.be\/wp-content\/uploads\/2024\/09\/LDC-300x125.png 300w, https:\/\/www.formalogo.be\/wp-content\/uploads\/2024\/09\/LDC-768x320.png 768w, https:\/\/www.formalogo.be\/wp-content\/uploads\/2024\/09\/LDC-624x260.png 624w\" sizes=\"auto, (max-width: 801px) 100vw, 801px\" \/><\/a><\/figure>\n\n\n\n<figure class=\"wp-block-embed is-type-video is-provider-youtube wp-block-embed-youtube wp-embed-aspect-16-9 wp-has-aspect-ratio\"><div class=\"wp-block-embed__wrapper\">\n<iframe loading=\"lazy\" title=\"Le Langage Du Coeur\u00ae.\" width=\"625\" height=\"352\" src=\"https:\/\/www.youtube.com\/embed\/WpX1f9QHH0c?feature=oembed\" frameborder=\"0\" allow=\"accelerometer; autoplay; clipboard-write; encrypted-media; gyroscope; picture-in-picture; web-share\" referrerpolicy=\"strict-origin-when-cross-origin\" allowfullscreen><\/iframe>\n<\/div><\/figure>\n\n\n\n<p><\/p>\n\n\n\n<figure class=\"wp-block-gallery has-nested-images columns-default is-cropped wp-block-gallery-1 is-layout-flex wp-block-gallery-is-layout-flex\"><\/figure>\n\n\n\n<p>Son texte l&rsquo;a lib\u00e9r\u00e9e. Elle a pris conscience que si les lettres b,d,q,p \u00ab\u00a0ne peuvent pas bouger\u00a0\u00bb pour ne pas \u00eatre confondues, ELLE en a le droit, le devoir et m\u00eame l&rsquo;enVIE (de bouger dans sa t\u00eate\/d&rsquo;imaginer) apr\u00e8s cette s\u00e9ance!!<\/p>\n\n\n\n<h2 class=\"wp-block-heading\"><a href=\"https:\/\/www.facebook.com\/groups\/688637272667903\" data-type=\"URL\" data-id=\"https:\/\/www.facebook.com\/groups\/688637272667903\" target=\"_blank\" rel=\"noopener\">Rejoignez-nous sur FB \u00ab\u00a0Langage du coeur-CPA\u00a0\u00bb<\/a><\/h2>\n\n\n\n<figure class=\"wp-block-image size-large\"><a href=\"https:\/\/www.formalogo.be\/wp-content\/uploads\/2022\/04\/Screenshot_20220208-080938_Ecosia.jpg\"><img loading=\"lazy\" decoding=\"async\" width=\"634\" height=\"1024\" src=\"https:\/\/www.formalogo.be\/wp-content\/uploads\/2022\/04\/Screenshot_20220208-080938_Ecosia-634x1024.jpg\" alt=\"\" class=\"wp-image-598\" srcset=\"https:\/\/www.formalogo.be\/wp-content\/uploads\/2022\/04\/Screenshot_20220208-080938_Ecosia-634x1024.jpg 634w, https:\/\/www.formalogo.be\/wp-content\/uploads\/2022\/04\/Screenshot_20220208-080938_Ecosia-186x300.jpg 186w, https:\/\/www.formalogo.be\/wp-content\/uploads\/2022\/04\/Screenshot_20220208-080938_Ecosia-768x1240.jpg 768w, https:\/\/www.formalogo.be\/wp-content\/uploads\/2022\/04\/Screenshot_20220208-080938_Ecosia-952x1536.jpg 952w, https:\/\/www.formalogo.be\/wp-content\/uploads\/2022\/04\/Screenshot_20220208-080938_Ecosia-624x1007.jpg 624w, https:\/\/www.formalogo.be\/wp-content\/uploads\/2022\/04\/Screenshot_20220208-080938_Ecosia.jpg 1050w\" sizes=\"auto, (max-width: 634px) 100vw, 634px\" \/><\/a><\/figure>\n\n\n\n<figure class=\"wp-block-image size-large\"><a href=\"https:\/\/www.formalogo.be\/wp-content\/uploads\/2022\/04\/Screenshot_20220208-080956_Ecosia.jpg\"><img loading=\"lazy\" decoding=\"async\" width=\"591\" height=\"1024\" src=\"https:\/\/www.formalogo.be\/wp-content\/uploads\/2022\/04\/Screenshot_20220208-080956_Ecosia-591x1024.jpg\" alt=\"\" class=\"wp-image-599\" srcset=\"https:\/\/www.formalogo.be\/wp-content\/uploads\/2022\/04\/Screenshot_20220208-080956_Ecosia-591x1024.jpg 591w, https:\/\/www.formalogo.be\/wp-content\/uploads\/2022\/04\/Screenshot_20220208-080956_Ecosia-173x300.jpg 173w, https:\/\/www.formalogo.be\/wp-content\/uploads\/2022\/04\/Screenshot_20220208-080956_Ecosia-768x1331.jpg 768w, https:\/\/www.formalogo.be\/wp-content\/uploads\/2022\/04\/Screenshot_20220208-080956_Ecosia-887x1536.jpg 887w, https:\/\/www.formalogo.be\/wp-content\/uploads\/2022\/04\/Screenshot_20220208-080956_Ecosia-624x1081.jpg 624w, https:\/\/www.formalogo.be\/wp-content\/uploads\/2022\/04\/Screenshot_20220208-080956_Ecosia.jpg 1047w\" sizes=\"auto, (max-width: 591px) 100vw, 591px\" \/><\/a><\/figure>\n\n\n\n<figure class=\"wp-block-gallery has-nested-images columns-default is-cropped wp-block-gallery-2 is-layout-flex wp-block-gallery-is-layout-flex\">\n<figure class=\"wp-block-image size-large\"><a href=\"https:\/\/www.formalogo.be\/wp-content\/uploads\/2022\/04\/Screenshot_20220208-081011_Ecosia.jpg\"><img loading=\"lazy\" decoding=\"async\" width=\"641\" height=\"1024\" data-id=\"600\" src=\"https:\/\/www.formalogo.be\/wp-content\/uploads\/2022\/04\/Screenshot_20220208-081011_Ecosia-641x1024.jpg\" alt=\"\" class=\"wp-image-600\" srcset=\"https:\/\/www.formalogo.be\/wp-content\/uploads\/2022\/04\/Screenshot_20220208-081011_Ecosia-641x1024.jpg 641w, https:\/\/www.formalogo.be\/wp-content\/uploads\/2022\/04\/Screenshot_20220208-081011_Ecosia-188x300.jpg 188w, https:\/\/www.formalogo.be\/wp-content\/uploads\/2022\/04\/Screenshot_20220208-081011_Ecosia-768x1226.jpg 768w, https:\/\/www.formalogo.be\/wp-content\/uploads\/2022\/04\/Screenshot_20220208-081011_Ecosia-962x1536.jpg 962w, https:\/\/www.formalogo.be\/wp-content\/uploads\/2022\/04\/Screenshot_20220208-081011_Ecosia-624x996.jpg 624w, https:\/\/www.formalogo.be\/wp-content\/uploads\/2022\/04\/Screenshot_20220208-081011_Ecosia.jpg 1079w\" sizes=\"auto, (max-width: 641px) 100vw, 641px\" \/><\/a><\/figure>\n<\/figure>\n\n\n\n<p><a href=\"#_ftnref1\">[1]<\/a> Voir site&nbsp;: https:\/\/cpabelgique.be\/<\/p>\n\n\n\n<figure class=\"wp-block-gallery has-nested-images columns-default is-cropped wp-block-gallery-3 is-layout-flex wp-block-gallery-is-layout-flex\"><\/figure>\n","protected":false},"excerpt":{"rendered":"<p>Logop\u00e8de-orthophoniste, formatrice et conf\u00e9renci\u00e8re depuis plus de 25 ans. Je suis passionn\u00e9e d&rsquo;apprentissage, j\u2019ai suivi de nombreuses formations alliant le corps, les \u00e9motions, les neurosciences et l\u2019\u00e9nerg\u00e9tique. Celles-ci m\u2019ont notamment permis de confirmer mon intuition selon laquelle nous avons tous en nous d\u2019\u00e9normes richesses et la r\u00e9ponse \u00e0 toutes nos questions. J&rsquo;ai le don d&rsquo;ouvrir [&hellip;]<\/p>\n","protected":false},"author":1,"featured_media":0,"parent":0,"menu_order":0,"comment_status":"closed","ping_status":"closed","template":"","meta":{"footnotes":""},"class_list":["post-587","page","type-page","status-publish","hentry"],"_links":{"self":[{"href":"https:\/\/www.formalogo.be\/index.php?rest_route=\/wp\/v2\/pages\/587","targetHints":{"allow":["GET"]}}],"collection":[{"href":"https:\/\/www.formalogo.be\/index.php?rest_route=\/wp\/v2\/pages"}],"about":[{"href":"https:\/\/www.formalogo.be\/index.php?rest_route=\/wp\/v2\/types\/page"}],"author":[{"embeddable":true,"href":"https:\/\/www.formalogo.be\/index.php?rest_route=\/wp\/v2\/users\/1"}],"replies":[{"embeddable":true,"href":"https:\/\/www.formalogo.be\/index.php?rest_route=%2Fwp%2Fv2%2Fcomments&post=587"}],"version-history":[{"count":67,"href":"https:\/\/www.formalogo.be\/index.php?rest_route=\/wp\/v2\/pages\/587\/revisions"}],"predecessor-version":[{"id":1180,"href":"https:\/\/www.formalogo.be\/index.php?rest_route=\/wp\/v2\/pages\/587\/revisions\/1180"}],"wp:attachment":[{"href":"https:\/\/www.formalogo.be\/index.php?rest_route=%2Fwp%2Fv2%2Fmedia&parent=587"}],"curies":[{"name":"wp","href":"https:\/\/api.w.org\/{rel}","templated":true}]}}