{"id":27,"date":"2014-11-02T18:27:06","date_gmt":"2014-11-02T17:27:06","guid":{"rendered":"http:\/\/www.formalogo.be\/?page_id=27"},"modified":"2026-04-14T20:37:11","modified_gmt":"2026-04-14T19:37:11","slug":"formation","status":"publish","type":"page","link":"https:\/\/www.formalogo.be\/?page_id=27","title":{"rendered":"Formations DYSCALCULIE &#8211; Outils d&rsquo;apprentissage"},"content":{"rendered":"\n<h1 class=\"wp-block-heading\">Les dyscalculies<\/h1>\n\n\n\n<p>Formation, donn\u00e9e par V\u00e9ronique Degroote, logop\u00e8de et orthophoniste, experte en cognition math\u00e9matique et cr\u00e9atrice de 5 jeux alliant SENS et PLAISIR.<\/p>\n\n\n\n<p><strong>Je n\u2019enseigne pas les math\u00e9matiques\u2026j\u2019aide \u00e0 se r\u00e9concilier avec elles \u2014 et avec soi.<\/strong><\/p>\n\n\n\n<p>J\u2019accompagne les enfants et les adultes \u00e0 d\u00e9passer leurs blocages face aux nombres et aux op\u00e9rations, le plus rapidement possible.<\/p>\n\n\n\n<p>Cette formation, se veut avant tout\u00a0<strong>pratique<\/strong> et a pour sp\u00e9cificit\u00e9 d\u2019aborder\u00a0<strong>l\u2019ensemble des domaines pouvant poser probl\u00e8mes<\/strong>. Elle d\u00e9bute par 2 journ\u00e9es dont voici le programme :<\/p>\n\n\n\n<ul class=\"wp-block-list\">\n<li>le temps,<\/li>\n\n\n\n<li>l\u2019espace,<\/li>\n\n\n\n<li>le rythme,<\/li>\n\n\n\n<li>les logiques de classification, conservation, inclusion et s\u00e9riation,<\/li>\n\n\n\n<li>la combinatoire<\/li>\n\n\n\n<li>le langage,<\/li>\n\n\n\n<li>le d\u00e9nombrement,<\/li>\n\n\n\n<li>la num\u00e9ration et<\/li>\n\n\n\n<li>les pi\u00e8ges des op\u00e9rations.<\/li>\n<\/ul>\n\n\n\n<p>Ces diff\u00e9rents domaines sont intriqu\u00e9s les uns dans les autres et cette formation permettra d\u2019\u00e9claircir ces intrications pour cibler au mieux vos objectifs de s\u00e9ance et la s\u00e9quence pour les atteindre.<\/p>\n\n\n\n<p>Elle tient compte des travaux et logiques de Piaget, des derni\u00e8res recherches et d\u00e9couvertes en neurosciences ainsi que des publications, formations et jeux de nombreux auteurs tels que R\u00e9mi Brissiaud, Stella Baruk, Bernadette Gu\u00e9ritte, Claudine Charlet, Alain M\u00e9nissier, Armelle G\u00e9ninet, Anne Lafay, Marie-Christel Helloin, Dani\u00e8le H\u00e9nuset, Catherine Vanham, Stanislas Dehaene, Olivier Houd\u00e9,\u2026<\/p>\n\n\n\n<p><strong>Qu\u2019est-ce que cette formation a d\u2019unique?<\/strong><\/p>\n\n\n\n<ul class=\"wp-block-list\">\n<li>Je vous partage mon exp\u00e9rience en tant que formatrice, auteure et conf\u00e9renci\u00e8re internationale (France, Suisse, Belgique, R\u00e9union) depuis 30 ans.<\/li>\n\n\n\n<li>Je vous montre quels sont les liens entre les diff\u00e9rents domaines posant probl\u00e8me et vous montre par quoi commencer.<\/li>\n\n\n\n<li>Mes formations se veuillent avant tout pratiques tout en faisant des ponts, si besoin, avec la th\u00e9orie (notamment tir\u00e9e de mon TFE, qui a consist\u00e9 en l\u2019\u00e9laboration d\u2019un dictionnaire en terminologie sur le nombre et qui a \u00e9t\u00e9 \u00e9dit\u00e9) et les derni\u00e8res d\u00e9couvertes en neurosciences.<\/li>\n\n\n\n<li>Je vous propose des liens que vous ne trouverez nulle part ailleurs (comme les liens entre les fonctions ex\u00e9cutives et les logiques et l\u2019utilisation correcte des doigts pour calculer).<\/li>\n\n\n\n<li>Vous repartez avec des outils que vous pouvez utiliser de mani\u00e8re autonome.<\/li>\n\n\n\n<li>Je vous pr\u00e9senterai les nombreux avantages des jeux que j\u2019ai cr\u00e9\u00e9s pour mettre du sens et du plaisir sur les nombres, les op\u00e9rations et les \u00e9nonc\u00e9s de probl\u00e8mes (Mathoie, Mathop\u00e8re, Mathoexpert et Famimath)<\/li>\n\n\n\n<li>Il n\u2019y a pas de pr\u00e9 requis n\u00e9cessaire, je m\u2019adapte au niveau des participants.<\/li>\n\n\n\n<li>Je propose des activit\u00e9s qui s\u2019adaptent facilement aux diff\u00e9rents \u00e2ges et difficult\u00e9s rencontr\u00e9es.<\/li>\n\n\n\n<li>Je reste disponible par la suite pour toute question \u00e9ventuelle apr\u00e8s la formation.<\/li>\n<\/ul>\n\n\n\n<p><strong>Cette formation permet aux participants de repartir confiants, motiv\u00e9s, avec du mat\u00e9riel et des id\u00e9es nouvelles plein la t\u00eate.<\/strong><\/p>\n\n\n\n<p>Voici les derniers retours en 2026 :<\/p>\n\n\n\n<p>\u2013 Je repars avec plein d\u2019outils pour mes s\u00e9ances en math mais \u00e9galement pour toutes mes prises en charge.<\/p>\n\n\n\n<p>\u2013 Il y a ce que vous nous transmettez mais \u00e9galement comment vous le transmettez! Je n\u2019ai jamais \u00e9t\u00e9 aussi concentr\u00e9e.<\/p>\n\n\n\n<p>\u2013 Je repars avec les yeux plus ouverts sur les difficult\u00e9s et plein de nouvelles id\u00e9es.<\/p>\n\n\n\n<p>\u2013 Je ne me sens plus dans l\u2019impasse et plein de pistes pour que mes patients sortent de cette impasse.<\/p>\n\n\n\n<p>\u2013 Je suis rassur\u00e9e sur le fait que le mat\u00e9riel est assez simple.<\/p>\n\n\n\n<p>\u2013 J\u2019ai plein de nouveaux objectifs plus coh\u00e9rents. H\u00e2te de retourner au cabinet.<\/p>\n\n\n\n<p>\u2013 Je vais modifier plein de choses pour que mon patient fasse le transfert et sache ce que je vais lui apporter.<\/p>\n\n\n\n<p>\u2013 Je suis tr\u00e8s frapp\u00e9e car je crois avoir retenu tous les \u00ab&nbsp;Tips&nbsp;\u00bb gr\u00e2ce aux relances attentionnelles.<\/p>\n\n\n\n<p>\u2013 Ces 2 journ\u00e9es m\u2019ont r\u00e9concili\u00e9e avec les prises en charge maths.<\/p>\n\n\n\n<p>\u2013 Merci pour ces journ\u00e9es ultra concr\u00e8tes, en ligne ce n\u2019est pas du tout le m\u00eame rythme, ni la m\u00eame ambiance.<\/p>\n\n\n\n<p>\u2013 Je suis tr\u00e8s contente car j\u2019ai fait beaucoup de liens avec mes patients. Je vois d\u2019autres moyens d\u2019exploiter mon mat\u00e9riel.<\/p>\n\n\n\n<p>\u2013 Vous \u00eates comme un phare qui \u00e9claire le chemin sombre des maths.&nbsp;\u00bb<\/p>\n\n\n\n<p>Au terme de ces 2 journ\u00e9es, les participants comprendront notamment :<\/p>\n\n\n\n<p>\u2013 l\u2019importance des diff\u00e9rentes logiques d\u00e9crites par J. Piaget pour un d\u00e9nombrement correct et efficient amenant \u00e0 la compr\u00e9hension de l\u2019aspect ordinal ET cardinal des&nbsp;<strong>nombres<\/strong>,<\/p>\n\n\n\n<p>\u2013 l\u2019importance du rythme (avec l\u2019apport de la gestion mentale) pour la compr\u00e9hension des tables de&nbsp;<strong>multiplication<\/strong>&nbsp;et des sp\u00e9cificit\u00e9s de notre syst\u00e8me de&nbsp;<strong>num\u00e9ration<\/strong>,<\/p>\n\n\n\n<p>\u2013 l\u2019importance des&nbsp;<strong>termes sp\u00e9cifiques<\/strong>&nbsp;\u00e0 utiliser pour \u00e9viter les pi\u00e8ges.<\/p>\n\n\n\n<p>De nombreuses mises en situation seront propos\u00e9es aux participants pour qu\u2019ils puissent mieux se mettre \u00e0 la place de l\u2019enfant, mieux le comprendre et mieux l\u2019accompagner.<\/p>\n\n\n\n<p>Tout au long de cette formation, la&nbsp;<strong>gestion mentale<\/strong>&nbsp;va nous guider et nous \u00e9clairer par ces diff\u00e9rents principes (il n\u2019est pas n\u00e9cessaire d\u2019avoir suivi une formation en gestion mentale au pr\u00e9alable).<\/p>\n\n\n\n<p>Elle va notamment nous aider \u00e0 r\u00e9pondre aux questions suivantes :<\/p>\n\n\n\n<ul class=\"wp-block-list\">\n<li>Pourquoi d\u2019une s\u00e9ance \u00e0 l\u2019autre dois-je r\u00e9p\u00e9ter alors que cela semblait acquis \u00e0 la s\u00e9ance pr\u00e9c\u00e9dente ?<\/li>\n\n\n\n<li>Pourquoi l\u2019enfant continue de compter sur ses doigts sans pouvoir s\u2019en d\u00e9tacher ?<\/li>\n\n\n\n<li>Quel est le r\u00f4le de \u00ab&nbsp;l\u2019espace&nbsp;\u00bb et \u00ab&nbsp;du temps&nbsp;\u00bb dans les diff\u00e9rents domaines math\u00e9matiques ?<\/li>\n\n\n\n<li>Quels sont les diff\u00e9rents sens des diff\u00e9rentes op\u00e9rations math\u00e9matiques?<\/li>\n\n\n\n<li>\u2026<\/li>\n<\/ul>\n\n\n\n<p><strong>Prochaines dates :<\/strong><\/p>\n\n\n\n<ul class=\"wp-block-list\">\n<li><strong>18-19 octobre 2026&nbsp; de 9h30 \u00e0 16h30, \u00e0&nbsp;Braine-l\u2019Alleud, 20 minutes de Bruxelles en pleine nature (parking ais\u00e9)<\/strong><\/li>\n\n\n\n<li><strong>Version en ligne \u00e9galement disponible toute l\u2019ann\u00e9e.<\/strong><\/li>\n<\/ul>\n\n\n\n<p>Prix : 380\u20ac (TVAC)<\/p>\n\n\n\n<div class=\"wpcf7 no-js\" id=\"wpcf7-f416-o1\" lang=\"fr-FR\" dir=\"ltr\" data-wpcf7-id=\"416\">\n<div class=\"screen-reader-response\"><p role=\"status\" aria-live=\"polite\" aria-atomic=\"true\"><\/p> <ul><\/ul><\/div>\n<form action=\"\/index.php?rest_route=%2Fwp%2Fv2%2Fpages%2F27#wpcf7-f416-o1\" method=\"post\" class=\"wpcf7-form init\" aria-label=\"Formulaire de contact\" novalidate=\"novalidate\" data-status=\"init\">\n<fieldset class=\"hidden-fields-container\"><input type=\"hidden\" name=\"_wpcf7\" value=\"416\" \/><input type=\"hidden\" name=\"_wpcf7_version\" value=\"6.1.5\" \/><input type=\"hidden\" name=\"_wpcf7_locale\" value=\"fr_FR\" \/><input type=\"hidden\" name=\"_wpcf7_unit_tag\" value=\"wpcf7-f416-o1\" \/><input type=\"hidden\" name=\"_wpcf7_container_post\" value=\"0\" \/><input type=\"hidden\" name=\"_wpcf7_posted_data_hash\" value=\"\" \/><input type=\"hidden\" name=\"_wpcf7_recaptcha_response\" value=\"\" \/>\n<\/fieldset>\n<p><label> Pr\u00e9nom*<br \/>\n<span class=\"wpcf7-form-control-wrap\" data-name=\"prenom\"><input size=\"40\" maxlength=\"400\" class=\"wpcf7-form-control wpcf7-text wpcf7-validates-as-required\" aria-required=\"true\" aria-invalid=\"false\" value=\"\" type=\"text\" name=\"prenom\" \/><\/span> <\/label>\n<\/p>\n<p><label> Nom*<br \/>\n<span class=\"wpcf7-form-control-wrap\" data-name=\"nom\"><input size=\"40\" maxlength=\"400\" class=\"wpcf7-form-control wpcf7-text wpcf7-validates-as-required\" aria-required=\"true\" aria-invalid=\"false\" value=\"\" type=\"text\" name=\"nom\" \/><\/span> <\/label>\n<\/p>\n<p><label> Adresse*<br \/>\n<span class=\"wpcf7-form-control-wrap\" data-name=\"adresse\"><input size=\"40\" maxlength=\"400\" class=\"wpcf7-form-control wpcf7-text wpcf7-validates-as-required\" aria-required=\"true\" aria-invalid=\"false\" value=\"\" type=\"text\" name=\"adresse\" \/><\/span> <\/label>\n<\/p>\n<p><label> email*<br \/>\n<span class=\"wpcf7-form-control-wrap\" data-name=\"your-email\"><input size=\"40\" maxlength=\"400\" class=\"wpcf7-form-control wpcf7-email wpcf7-validates-as-required wpcf7-text wpcf7-validates-as-email\" aria-required=\"true\" aria-invalid=\"false\" value=\"\" type=\"email\" name=\"your-email\" \/><\/span> <\/label>\n<\/p>\n<p><label> T\u00e9l\u00e9phone*<br \/>\n<span class=\"wpcf7-form-control-wrap\" data-name=\"telephone\"><input size=\"40\" maxlength=\"400\" class=\"wpcf7-form-control wpcf7-tel wpcf7-validates-as-required wpcf7-text wpcf7-validates-as-tel\" aria-required=\"true\" aria-invalid=\"false\" value=\"\" type=\"tel\" name=\"telephone\" \/><\/span> <\/label>\n<\/p>\n<p><label> Sujet*<br \/>\n<span class=\"wpcf7-form-control-wrap\" data-name=\"sujet\"><input size=\"40\" maxlength=\"400\" class=\"wpcf7-form-control wpcf7-text wpcf7-validates-as-required\" aria-required=\"true\" aria-invalid=\"false\" value=\"\" type=\"text\" name=\"sujet\" \/><\/span> <\/label>\n<\/p>\n<p><label> Votre message*<br \/>\n<span class=\"wpcf7-form-control-wrap\" data-name=\"message\"><textarea cols=\"40\" rows=\"10\" maxlength=\"2000\" class=\"wpcf7-form-control wpcf7-textarea wpcf7-validates-as-required\" aria-required=\"true\" aria-invalid=\"false\" name=\"message\"><\/textarea><\/span> <\/label>\n<\/p>\n<p>* informations obligatoires<br \/>\n<br \/>\n<input class=\"wpcf7-form-control wpcf7-submit has-spinner\" type=\"submit\" value=\"Envoyer\" \/>\n<\/p><p style=\"display: none !important;\" class=\"akismet-fields-container\" data-prefix=\"_wpcf7_ak_\"><label>&#916;<textarea name=\"_wpcf7_ak_hp_textarea\" cols=\"45\" rows=\"8\" maxlength=\"100\"><\/textarea><\/label><input type=\"hidden\" id=\"ak_js_1\" name=\"_wpcf7_ak_js\" value=\"88\"\/><script>document.getElementById( \"ak_js_1\" ).setAttribute( \"value\", ( new Date() ).getTime() );<\/script><\/p><div class=\"wpcf7-response-output\" aria-hidden=\"true\"><\/div>\n<\/form>\n<\/div>\n\n\n\n\n<p>ET POUR ALLER PLUS LOIN : 1 journ\u00e9e de pr\u00e9sentation de mat\u00e9riels travaillant les&nbsp;<strong>4 OP\u00c9RATIONS math\u00e9matiques (date sur demande).<\/strong><\/p>\n\n\n\n<p><strong>Nouveau!! cette formation sur les 4 op\u00e9rations math\u00e9matiques est \u00e9galement disponible EN LIGNE.<\/strong><\/p>\n\n\n\n<p>Selon le m\u00eame canevas que lors de ma pr\u00e9c\u00e9dente formation, cette pr\u00e9sentation interactive vous apportera plein d\u2019id\u00e9es d\u2019activit\u00e9s, d\u2019ouvrages et de mat\u00e9riels pour mieux comprendre et faire comprendre les 4 op\u00e9rations math\u00e9matiques et leurs pi\u00e8ges.<\/p>\n\n\n\n<p>Les mat\u00e9riels Cuisenaire et Montessori serviront de trame.<\/p>\n\n\n\n<p>20 vid\u00e9os (dont 10 films) vont aideront \u00e0 faire les liens avec ce qui a \u00e9t\u00e9 dit pr\u00e9c\u00e9demment concernant notre num\u00e9ration, le d\u00e9nombrement, le langage sp\u00e9cifique, les \u00e9quivalences et les fonctions ex\u00e9cutives.<\/p>\n\n\n\n<p><strong>Objectifs<\/strong>: donner de nouvelles pistes\/approches pour travailler les 4 op\u00e9rations de mani\u00e8re ludique, concr\u00e8te et transf\u00e9rable.<\/p>\n\n\n\n<p><strong>Programme :<\/strong><\/p>\n\n\n\n<p>A l\u2019aide notamment des r\u00e9glettes Cuisenaire et mat\u00e9riel Montessori, d\u00e9couverte&nbsp;:<\/p>\n\n\n\n<p>\u2013 Des compl\u00e9ments pour faire 10 et le lien avec les calculs plus complexes.<\/p>\n\n\n\n<p>\u2013 De la construction des nombres jusqu\u2019aux millions (\u00e9criture, lecture).<\/p>\n\n\n\n<p>\u2013 Pr\u00e9sentation des 4 op\u00e9rations et des diff\u00e9rentes techniques op\u00e9ratoires (commutativit\u00e9, associativit\u00e9, inclusion, ordination, \u00e9quivalence, substitution).<\/p>\n\n\n\n<p>\u2013 Des similitudes et diff\u00e9rences entre l\u2019op\u00e9ration d\u2019addition et de multiplication ainsi que de l\u2019op\u00e9ration de soustraction et de division.<\/p>\n\n\n\n<p>\u2013 Des diff\u00e9rents types de division et de soustraction en lien avec les \u00e9nonc\u00e9s de probl\u00e8mes.<\/p>\n\n\n\n<p>\u2013 Introduction aux fractions (les nommer, \u00e9crire, chercher les \u00e9quivalences)<\/p>\n\n\n\n<p><strong><em>Merci de remplir le formulaire ci-dessous et d\u2019indiquer les dates concern\u00e9es.<\/em><\/strong><\/p>\n\n\n\n<p><a href=\"http:\/\/www.formalogo.be\/?page_id=156\"><strong>&nbsp;Agenda et inscription aux prochaines formations<\/strong><\/a><\/p>\n\n\n\n<p>N\u2019h\u00e9sitez pas \u00e0 faire une demande de formation dans votre r\u00e9gion, je me d\u00e9place volontiers.<\/p>\n\n\n\n<figure class=\"wp-block-image\"><a href=\"https:\/\/www.formalogo.be\/wp-content\/uploads\/2026\/04\/Poster-UCL.png\"><img loading=\"lazy\" decoding=\"async\" width=\"501\" height=\"705\" src=\"https:\/\/www.formalogo.be\/wp-content\/uploads\/2026\/04\/Poster-UCL.png\" alt=\"\" class=\"wp-image-1236\" srcset=\"https:\/\/www.formalogo.be\/wp-content\/uploads\/2026\/04\/Poster-UCL.png 501w, https:\/\/www.formalogo.be\/wp-content\/uploads\/2026\/04\/Poster-UCL-213x300.png 213w\" sizes=\"auto, (max-width: 501px) 100vw, 501px\" \/><\/a><\/figure>\n\n\n<p>&nbsp;<\/p>\n<table style=\"height: 41px;\" border=\"0\" width=\"624\" cellspacing=\"0\" cellpadding=\"0\" align=\"center\">\n<tbody>\n<tr>\n<td bgcolor=\"#E6E6E6\"><strong>CONDITIONS D&rsquo;ANNULATION :<\/strong><\/p>\n<div align=\"center\">\n<p style=\"text-align: left;\"><span style=\"color: #000000; font-family: Verdana,Arial,Helvetica,sans-serif; font-size: small;\">Il sera demand\u00e9 50\u20ac de frais administratifs pour toute annulation plus d\u2019un mois avant la date de formation.<\/span><\/p>\n<p style=\"text-align: left;\"><span style=\"color: #000000; font-family: Verdana,Arial,Helvetica,sans-serif; font-size: small;\">Sauf cas exceptionnel, aucun remboursement ne sera possible en cas d\u2019annulation moins d\u2019un mois avant la date de formation.<\/span><\/p>\n<p style=\"text-align: left;\"><span style=\"color: #000000; font-family: Verdana,Arial,Helvetica,sans-serif; font-size: small;\">Merci pour votre compr\u00e9hension.<\/span><\/p>\n<\/div>\n<\/td>\n<\/tr>\n<\/tbody>\n<\/table>\n\n\n<p><\/p>\n","protected":false},"excerpt":{"rendered":"<p>Les dyscalculies Formation, donn\u00e9e par V\u00e9ronique Degroote, logop\u00e8de et orthophoniste, experte en cognition math\u00e9matique et cr\u00e9atrice de 5 jeux alliant SENS et PLAISIR. Je n\u2019enseigne pas les math\u00e9matiques\u2026j\u2019aide \u00e0 se r\u00e9concilier avec elles \u2014 et avec soi. J\u2019accompagne les enfants et les adultes \u00e0 d\u00e9passer leurs blocages face aux nombres et aux op\u00e9rations, le plus [&hellip;]<\/p>\n","protected":false},"author":1,"featured_media":0,"parent":0,"menu_order":2,"comment_status":"closed","ping_status":"closed","template":"","meta":{"footnotes":""},"class_list":["post-27","page","type-page","status-publish","hentry"],"_links":{"self":[{"href":"https:\/\/www.formalogo.be\/index.php?rest_route=\/wp\/v2\/pages\/27","targetHints":{"allow":["GET"]}}],"collection":[{"href":"https:\/\/www.formalogo.be\/index.php?rest_route=\/wp\/v2\/pages"}],"about":[{"href":"https:\/\/www.formalogo.be\/index.php?rest_route=\/wp\/v2\/types\/page"}],"author":[{"embeddable":true,"href":"https:\/\/www.formalogo.be\/index.php?rest_route=\/wp\/v2\/users\/1"}],"replies":[{"embeddable":true,"href":"https:\/\/www.formalogo.be\/index.php?rest_route=%2Fwp%2Fv2%2Fcomments&post=27"}],"version-history":[{"count":27,"href":"https:\/\/www.formalogo.be\/index.php?rest_route=\/wp\/v2\/pages\/27\/revisions"}],"predecessor-version":[{"id":1245,"href":"https:\/\/www.formalogo.be\/index.php?rest_route=\/wp\/v2\/pages\/27\/revisions\/1245"}],"wp:attachment":[{"href":"https:\/\/www.formalogo.be\/index.php?rest_route=%2Fwp%2Fv2%2Fmedia&parent=27"}],"curies":[{"name":"wp","href":"https:\/\/api.w.org\/{rel}","templated":true}]}}