{"id":264,"date":"2015-01-02T15:49:20","date_gmt":"2015-01-02T14:49:20","guid":{"rendered":"http:\/\/www.formalogo.be\/?page_id=264"},"modified":"2025-09-03T17:26:31","modified_gmt":"2025-09-03T16:26:31","slug":"les-nombres-rationnels","status":"publish","type":"page","link":"https:\/\/www.formalogo.be\/?page_id=264","title":{"rendered":"Nouveaux outils d&rsquo;apprentissage."},"content":{"rendered":"<ul>\n<li><strong><a title=\"Inscription journ\u00e9e d\u2019approfondissement\" href=\"http:\/\/www.formalogo.be\/?page_id=268\">Inscription<\/a><br \/><\/strong><\/li>\n<\/ul>\n<p><strong>Objectifs : <\/strong>D\u00e9couvrir et ressentir de nouvelles techniques pour mieux comprendre et g\u00e9rer ses \u00e9motions, se sentir mieux dans son corps et dans sa t\u00eate. Nombreuses mises en PRATIQUE durant toute cette journ\u00e9e pour mettre en lien son ressenti et les connaissances THEORIQUES.<\/p>\n<p>En plus de ma formation en gestion mentale, ces 15 derni\u00e8res ann\u00e9es je me suis form\u00e9e en<\/p>\n<ul>\n<li>CNV (Communication Non Violente),<\/li>\n<li>Brain Gym,<\/li>\n<li>\u00e0 la m\u00e9thode F\u00e9licit\u00e9e,<\/li>\n<li>en sophrologie,<\/li>\n<li>aux r\u00e9flexes archa\u00efques<\/li>\n<li>aux \u00ab\u00a0intelligences\u00a0\u00bb\/talents multiples<\/li>\n<li>\u00e0 la m\u00e9thode \u00ab Bal A Vis-X \u00bb (balles et sacs pour stimuler l\u2019audition, l\u2019\u00e9quilibre et la vision).<\/li>\n<\/ul>\n<p>Durant une journ\u00e9e je vous pr\u00e9senterai ce que ces formations (une centaine d&rsquo;heures de formations) m\u2019ont le plus apport\u00e9 et ce que je transf\u00e8re en s\u00e9ance.<\/p>\n<p>Les grands principes de la gestion mentale qui me guident depuis plus de 20 ans seront \u00e9galement abord\u00e9s.<\/p>\n<p>Vous repartirez avec :<\/p>\n<ul>\n<li>Des r\u00e9f\u00e9rences th\u00e9oriques<\/li>\n<li>Des outils in\u00e9dits facilement transf\u00e9rables, que vous aurez exp\u00e9riment\u00e9s<\/li>\n<li>Plus de clart\u00e9 dans vos objectifs de s\u00e9ance<\/li>\n<li>De nombreuses prises de conscience sur les troubles d&rsquo;apprentissage<\/li>\n<li>Une motivation sans pr\u00e9c\u00e9dent pour vous et les personnes que vous suivez<\/li>\n<li>La compr\u00e9hension des liens entre : la posture, l&rsquo;humeur et la r\u00e9ussite<\/li>\n<li>Une \u00e9volution et des r\u00e9sultats plus rapides.<\/li>\n<\/ul>\n<p><strong>Date\u00a0<\/strong>:<\/p>\n<ul>\n<li>30 septembre 2025 de 9h00 \u00e0 16h30<\/li>\n<\/ul>\n<p><strong>Lieu<\/strong> : Braine-l\u2019Alleud (20 minutes de Bruxelles en pleine nature). Parking ais\u00e9<\/p>\n<p><strong>Formatrice<\/strong>\u00a0: V\u00e9ronique Degroote, logop\u00e8de formatrice en dyscalculie et form\u00e9e en gestion mentale et en psycho \u00e9nergie (3 ans).<\/p>\n<p style=\"margin: 0cm;\"><span style=\"color: #000000;\"><strong>P<\/strong><b>ublic<\/b> : Logop\u00e8des-orthophonistes, enseignants ou param\u00e9dicaux en recherche d&rsquo;outils innovants d&rsquo;apprentissage qui ont fait leurs preuves.<\/span><\/p>\n<p><strong>Prix<\/strong> : 187,55\u20ac (TVAC)<\/p>\n\n\n<p><\/p>\n\n\n\n<figure class=\"wp-block-image size-large is-resized\"><img loading=\"lazy\" decoding=\"async\" width=\"576\" height=\"1024\" src=\"http:\/\/www.formalogo.be\/wp-content\/uploads\/2020\/09\/20200908_144233-2-576x1024.jpg\" alt=\"\" class=\"wp-image-511\" style=\"aspect-ratio:0.5625;width:655px;height:auto\" srcset=\"https:\/\/www.formalogo.be\/wp-content\/uploads\/2020\/09\/20200908_144233-2-576x1024.jpg 576w, https:\/\/www.formalogo.be\/wp-content\/uploads\/2020\/09\/20200908_144233-2-169x300.jpg 169w, https:\/\/www.formalogo.be\/wp-content\/uploads\/2020\/09\/20200908_144233-2-768x1365.jpg 768w, https:\/\/www.formalogo.be\/wp-content\/uploads\/2020\/09\/20200908_144233-2-864x1536.jpg 864w, https:\/\/www.formalogo.be\/wp-content\/uploads\/2020\/09\/20200908_144233-2-1152x2048.jpg 1152w, https:\/\/www.formalogo.be\/wp-content\/uploads\/2020\/09\/20200908_144233-2-scaled.jpg 1441w\" sizes=\"auto, (max-width: 576px) 100vw, 576px\" \/><\/figure>\n\n\n\n<p>Grand merci pour cette journ\u00e9e tr\u00e8s int\u00e9ressante, vivante et sujette \u00e0 r\u00e9flexion, pas uniquement pour nos s\u00e9ances ! M-H<\/p>\n\n\n\n<div class=\"wp-block-contact-form-7-contact-form-selector\">\n<div class=\"wpcf7 no-js\" id=\"wpcf7-f416-o1\" lang=\"fr-FR\" dir=\"ltr\" data-wpcf7-id=\"416\">\n<div class=\"screen-reader-response\"><p role=\"status\" aria-live=\"polite\" aria-atomic=\"true\"><\/p> <ul><\/ul><\/div>\n<form action=\"\/index.php?rest_route=%2Fwp%2Fv2%2Fpages%2F264#wpcf7-f416-o1\" method=\"post\" class=\"wpcf7-form init\" aria-label=\"Formulaire de contact\" novalidate=\"novalidate\" data-status=\"init\">\n<fieldset class=\"hidden-fields-container\"><input type=\"hidden\" name=\"_wpcf7\" value=\"416\" \/><input type=\"hidden\" name=\"_wpcf7_version\" value=\"6.1.5\" \/><input type=\"hidden\" name=\"_wpcf7_locale\" value=\"fr_FR\" \/><input type=\"hidden\" name=\"_wpcf7_unit_tag\" value=\"wpcf7-f416-o1\" \/><input type=\"hidden\" name=\"_wpcf7_container_post\" value=\"0\" \/><input type=\"hidden\" name=\"_wpcf7_posted_data_hash\" value=\"\" \/><input type=\"hidden\" name=\"_wpcf7_recaptcha_response\" value=\"\" \/>\n<\/fieldset>\n<p><label> Pr\u00e9nom*<br \/>\n<span class=\"wpcf7-form-control-wrap\" data-name=\"prenom\"><input size=\"40\" maxlength=\"400\" class=\"wpcf7-form-control wpcf7-text wpcf7-validates-as-required\" aria-required=\"true\" aria-invalid=\"false\" value=\"\" type=\"text\" name=\"prenom\" \/><\/span> <\/label>\n<\/p>\n<p><label> Nom*<br \/>\n<span class=\"wpcf7-form-control-wrap\" data-name=\"nom\"><input size=\"40\" maxlength=\"400\" class=\"wpcf7-form-control wpcf7-text wpcf7-validates-as-required\" aria-required=\"true\" aria-invalid=\"false\" value=\"\" type=\"text\" name=\"nom\" \/><\/span> <\/label>\n<\/p>\n<p><label> Adresse*<br \/>\n<span class=\"wpcf7-form-control-wrap\" data-name=\"adresse\"><input size=\"40\" maxlength=\"400\" class=\"wpcf7-form-control wpcf7-text wpcf7-validates-as-required\" aria-required=\"true\" aria-invalid=\"false\" value=\"\" type=\"text\" name=\"adresse\" \/><\/span> <\/label>\n<\/p>\n<p><label> email*<br \/>\n<span class=\"wpcf7-form-control-wrap\" data-name=\"your-email\"><input size=\"40\" maxlength=\"400\" class=\"wpcf7-form-control wpcf7-email wpcf7-validates-as-required wpcf7-text wpcf7-validates-as-email\" aria-required=\"true\" aria-invalid=\"false\" value=\"\" type=\"email\" name=\"your-email\" \/><\/span> <\/label>\n<\/p>\n<p><label> T\u00e9l\u00e9phone*<br \/>\n<span class=\"wpcf7-form-control-wrap\" data-name=\"telephone\"><input size=\"40\" maxlength=\"400\" class=\"wpcf7-form-control wpcf7-tel wpcf7-validates-as-required wpcf7-text wpcf7-validates-as-tel\" aria-required=\"true\" aria-invalid=\"false\" value=\"\" type=\"tel\" name=\"telephone\" \/><\/span> <\/label>\n<\/p>\n<p><label> Sujet*<br \/>\n<span class=\"wpcf7-form-control-wrap\" data-name=\"sujet\"><input size=\"40\" maxlength=\"400\" class=\"wpcf7-form-control wpcf7-text wpcf7-validates-as-required\" aria-required=\"true\" aria-invalid=\"false\" value=\"\" type=\"text\" name=\"sujet\" \/><\/span> <\/label>\n<\/p>\n<p><label> Votre message*<br \/>\n<span class=\"wpcf7-form-control-wrap\" data-name=\"message\"><textarea cols=\"40\" rows=\"10\" maxlength=\"2000\" class=\"wpcf7-form-control wpcf7-textarea wpcf7-validates-as-required\" aria-required=\"true\" aria-invalid=\"false\" name=\"message\"><\/textarea><\/span> <\/label>\n<\/p>\n<p>* informations obligatoires<br \/>\n<br \/>\n<input class=\"wpcf7-form-control wpcf7-submit has-spinner\" type=\"submit\" value=\"Envoyer\" \/>\n<\/p><p style=\"display: none !important;\" class=\"akismet-fields-container\" data-prefix=\"_wpcf7_ak_\"><label>&#916;<textarea name=\"_wpcf7_ak_hp_textarea\" cols=\"45\" rows=\"8\" maxlength=\"100\"><\/textarea><\/label><input type=\"hidden\" id=\"ak_js_1\" name=\"_wpcf7_ak_js\" value=\"186\"\/><script>document.getElementById( \"ak_js_1\" ).setAttribute( \"value\", ( new Date() ).getTime() );<\/script><\/p><div class=\"wpcf7-response-output\" aria-hidden=\"true\"><\/div>\n<\/form>\n<\/div>\n<\/div>\n","protected":false},"excerpt":{"rendered":"<p>Inscription Objectifs : D\u00e9couvrir et ressentir de nouvelles techniques pour mieux comprendre et g\u00e9rer ses \u00e9motions, se sentir mieux dans son corps et dans sa t\u00eate. Nombreuses mises en PRATIQUE durant toute cette journ\u00e9e pour mettre en lien son ressenti et les connaissances THEORIQUES. En plus de ma formation en gestion mentale, ces 15 derni\u00e8res [&hellip;]<\/p>\n","protected":false},"author":1,"featured_media":0,"parent":27,"menu_order":0,"comment_status":"closed","ping_status":"open","template":"","meta":{"footnotes":""},"class_list":["post-264","page","type-page","status-publish","hentry"],"_links":{"self":[{"href":"https:\/\/www.formalogo.be\/index.php?rest_route=\/wp\/v2\/pages\/264","targetHints":{"allow":["GET"]}}],"collection":[{"href":"https:\/\/www.formalogo.be\/index.php?rest_route=\/wp\/v2\/pages"}],"about":[{"href":"https:\/\/www.formalogo.be\/index.php?rest_route=\/wp\/v2\/types\/page"}],"author":[{"embeddable":true,"href":"https:\/\/www.formalogo.be\/index.php?rest_route=\/wp\/v2\/users\/1"}],"replies":[{"embeddable":true,"href":"https:\/\/www.formalogo.be\/index.php?rest_route=%2Fwp%2Fv2%2Fcomments&post=264"}],"version-history":[{"count":25,"href":"https:\/\/www.formalogo.be\/index.php?rest_route=\/wp\/v2\/pages\/264\/revisions"}],"predecessor-version":[{"id":1086,"href":"https:\/\/www.formalogo.be\/index.php?rest_route=\/wp\/v2\/pages\/264\/revisions\/1086"}],"up":[{"embeddable":true,"href":"https:\/\/www.formalogo.be\/index.php?rest_route=\/wp\/v2\/pages\/27"}],"wp:attachment":[{"href":"https:\/\/www.formalogo.be\/index.php?rest_route=%2Fwp%2Fv2%2Fmedia&parent=264"}],"curies":[{"name":"wp","href":"https:\/\/api.w.org\/{rel}","templated":true}]}}