{"id":1005,"date":"2025-08-19T13:31:35","date_gmt":"2025-08-19T12:31:35","guid":{"rendered":"https:\/\/www.formalogo.be\/?page_id=1005"},"modified":"2025-09-01T17:28:12","modified_gmt":"2025-09-01T16:28:12","slug":"jeu-mathoexpert","status":"publish","type":"page","link":"https:\/\/www.formalogo.be\/?page_id=1005","title":{"rendered":"Jeu MathOexpert"},"content":{"rendered":"\n<figure class=\"wp-block-image size-large\"><a href=\"https:\/\/www.formalogo.be\/wp-content\/uploads\/2025\/08\/Mathoexpert-scaled.jpg\"><img loading=\"lazy\" decoding=\"async\" width=\"1024\" height=\"768\" src=\"https:\/\/www.formalogo.be\/wp-content\/uploads\/2025\/08\/Mathoexpert-1024x768.jpg\" alt=\"\" class=\"wp-image-1019\" srcset=\"https:\/\/www.formalogo.be\/wp-content\/uploads\/2025\/08\/Mathoexpert-1024x768.jpg 1024w, https:\/\/www.formalogo.be\/wp-content\/uploads\/2025\/08\/Mathoexpert-300x225.jpg 300w, https:\/\/www.formalogo.be\/wp-content\/uploads\/2025\/08\/Mathoexpert-768x576.jpg 768w, https:\/\/www.formalogo.be\/wp-content\/uploads\/2025\/08\/Mathoexpert-1536x1152.jpg 1536w, https:\/\/www.formalogo.be\/wp-content\/uploads\/2025\/08\/Mathoexpert-2048x1536.jpg 2048w, https:\/\/www.formalogo.be\/wp-content\/uploads\/2025\/08\/Mathoexpert-624x468.jpg 624w\" sizes=\"auto, (max-width: 1024px) 100vw, 1024px\" \/><\/a><\/figure>\n\n\n\n<p>Le jeu <strong>MathOexpert<\/strong> se compose de 110&nbsp;cartes reprenant tous les types de probl\u00e8mes (changement, combinaison\/composition, comparaison) et faisant intervenir les 4 op\u00e9rations.<\/p>\n\n\n\n<p><strong>De nombreux avantages :<\/strong><\/p>\n\n\n\n<p>&#8211; Des <strong>probl\u00e8mes<\/strong> tant <strong>additifs <\/strong>(addition et soustraction) que <strong>multiplicatifs<\/strong> (multiplication et division) sont propos\u00e9s dans un m\u00eame jeu.<\/p>\n\n\n\n<p>&#8211; <strong>Deux niveaux de difficult\u00e9<\/strong>, facilement identifiables.<\/p>\n\n\n\n<p>&#8211; Le <strong>langage<\/strong> utilis\u00e9 est tr\u00e8s riche et reprend les termes faisant le plus souvent d\u00e9fauts aux \u00e9l\u00e8ves tels que&nbsp;: 3 fois moins, 3 de plus, soustraire, dont, autant, quart, moiti\u00e9,\u2026<\/p>\n\n\n\n<p>&#8211; Les \u00e9nonc\u00e9s ont \u00e9t\u00e9 con\u00e7us pour n\u2019\u00eatre ni trop faciles, ni trop difficiles pour d\u00e9velopper <strong>l\u2019estime de soi<\/strong>.<\/p>\n\n\n\n<p>&#8211; Les questions, courtes, portent tant sur la situation initiale, finale que sur la transformation.<\/p>\n\n\n\n<p>&#8211; Les \u00e9nonc\u00e9s reprennent des situations tr\u00e8s diff\u00e9rentes et actuelles faisant <strong>sens<\/strong> pour l\u2019enfant ce qui favorisera la cr\u00e9ation d\u2019images mentales et la compr\u00e9hension des \u00e9nonc\u00e9s.<\/p>\n\n\n\n<p>&#8211; La plupart des nombres utilis\u00e9s travaillent les calculs simples (les double, les \u00ab&nbsp;amis&nbsp;\u00bb de 10). Cela, dans un but tant de <strong>m\u00e9morisation<\/strong> que de g\u00e9n\u00e9ralisation et de transfert aux grands nombres.<\/p>\n\n\n\n<p>&#8211; La multiplication y est pr\u00e9sent\u00e9e sous ses diff\u00e9rents aspects&nbsp;(situations rectangulaires, recherche du nombre de combinaisons possibles, du nombre de fois,&#8230;)<\/p>\n\n\n\n<p>&#8211; Les deux types de division sont propos\u00e9s (groupements ou partage).<\/p>\n\n\n\n<p>&#8211; L\u2019<strong>inhibition<\/strong> est travaill\u00e9e dans diff\u00e9rents \u00e9nonc\u00e9s avec les mots \u00ab&nbsp;gagne&nbsp;\u00bb ou \u00ab&nbsp;perd&nbsp;\u00bb par exemple.<\/p>\n\n\n\n<p>&#8211; La dimension affective&nbsp;est prise en compte puisque l\u2019enfant pourra s\u2019identifier au personnage \u00ab&nbsp;Mathop\u00e8re&nbsp;\u00bb.<\/p>\n\n\n\n<p>&#8211; Des <strong>sch\u00e9mas\/mod\u00e8les<\/strong> de r\u00e9solution de probl\u00e8me sont propos\u00e9s pour aider l\u2019enfant dans sa d\u00e9marche (notamment de s\u00e9riation des informations) et favoriser des automatismes de r\u00e9solution par la suite.<\/p>\n\n\n\n<p>Selon Jean Julo, cette m\u00e9moire de sch\u00e9mas de probl\u00e8mes va permettre aux \u00e9l\u00e8ves de r\u00e9soudre des situations nouvelles par analogie. Plus l\u2019enseignant propose des situations-probl\u00e8mes vari\u00e9es, plus l\u2019\u00e9l\u00e8ve stocke en m\u00e9moire un mod\u00e8le associ\u00e9 qu\u2019il sera capable de remobiliser en cas de confrontation dans une situation similaire. Apprendre \u00e0 cat\u00e9goriser des sch\u00e9mas de probl\u00e8mes revient \u00e0 en automatiser la r\u00e9solution sur la base d\u2019un mod\u00e8le.<\/p>\n\n\n\n<p><em>Des apprentissages sp\u00e9cifiques pour la r\u00e9solution de probl\u00e8mes ?, Grand N, n\u00b069, 2002, p. 31-52.<\/em><\/p>\n\n\n\n<p>&#8211; Pour les professionnels ayant le jeux Mathop\u00e8re, les r\u00e9glettes favorisent l&rsquo;ancrage des connaissances cognitives par des <strong>exp\u00e9riences sensori-motrices<\/strong>.<\/p>\n\n\n\n<p>Ce mat\u00e9riel tr\u00e8s riche est vendu au prix de 38\u20ac (hors frais de port), lors de formations, march\u00e9s ou en compl\u00e9tant le formulaire de contact.<\/p>\n\n\n\n<figure class=\"wp-block-image size-large\"><a href=\"https:\/\/www.formalogo.be\/wp-content\/uploads\/2025\/08\/35b7ac32a7cca381dde2af185c95ef98-0.jpg\"><img loading=\"lazy\" decoding=\"async\" width=\"791\" height=\"1024\" src=\"https:\/\/www.formalogo.be\/wp-content\/uploads\/2025\/08\/35b7ac32a7cca381dde2af185c95ef98-0-791x1024.jpg\" alt=\"\" class=\"wp-image-1049\" srcset=\"https:\/\/www.formalogo.be\/wp-content\/uploads\/2025\/08\/35b7ac32a7cca381dde2af185c95ef98-0-791x1024.jpg 791w, https:\/\/www.formalogo.be\/wp-content\/uploads\/2025\/08\/35b7ac32a7cca381dde2af185c95ef98-0-232x300.jpg 232w, https:\/\/www.formalogo.be\/wp-content\/uploads\/2025\/08\/35b7ac32a7cca381dde2af185c95ef98-0-768x994.jpg 768w, https:\/\/www.formalogo.be\/wp-content\/uploads\/2025\/08\/35b7ac32a7cca381dde2af185c95ef98-0-1187x1536.jpg 1187w, https:\/\/www.formalogo.be\/wp-content\/uploads\/2025\/08\/35b7ac32a7cca381dde2af185c95ef98-0-1583x2048.jpg 1583w, https:\/\/www.formalogo.be\/wp-content\/uploads\/2025\/08\/35b7ac32a7cca381dde2af185c95ef98-0-624x808.jpg 624w, https:\/\/www.formalogo.be\/wp-content\/uploads\/2025\/08\/35b7ac32a7cca381dde2af185c95ef98-0.jpg 1700w\" sizes=\"auto, (max-width: 791px) 100vw, 791px\" \/><\/a><\/figure>\n\n\n\n<figure class=\"wp-block-image size-large\"><a href=\"https:\/\/www.formalogo.be\/wp-content\/uploads\/2025\/08\/35b7ac32a7cca381dde2af185c95ef98-1.jpg\"><img loading=\"lazy\" decoding=\"async\" width=\"791\" height=\"1024\" src=\"https:\/\/www.formalogo.be\/wp-content\/uploads\/2025\/08\/35b7ac32a7cca381dde2af185c95ef98-1-791x1024.jpg\" alt=\"\" class=\"wp-image-1050\" srcset=\"https:\/\/www.formalogo.be\/wp-content\/uploads\/2025\/08\/35b7ac32a7cca381dde2af185c95ef98-1-791x1024.jpg 791w, https:\/\/www.formalogo.be\/wp-content\/uploads\/2025\/08\/35b7ac32a7cca381dde2af185c95ef98-1-232x300.jpg 232w, https:\/\/www.formalogo.be\/wp-content\/uploads\/2025\/08\/35b7ac32a7cca381dde2af185c95ef98-1-768x994.jpg 768w, https:\/\/www.formalogo.be\/wp-content\/uploads\/2025\/08\/35b7ac32a7cca381dde2af185c95ef98-1-1187x1536.jpg 1187w, https:\/\/www.formalogo.be\/wp-content\/uploads\/2025\/08\/35b7ac32a7cca381dde2af185c95ef98-1-1583x2048.jpg 1583w, https:\/\/www.formalogo.be\/wp-content\/uploads\/2025\/08\/35b7ac32a7cca381dde2af185c95ef98-1-624x808.jpg 624w, https:\/\/www.formalogo.be\/wp-content\/uploads\/2025\/08\/35b7ac32a7cca381dde2af185c95ef98-1.jpg 1700w\" sizes=\"auto, (max-width: 791px) 100vw, 791px\" \/><\/a><\/figure>\n\n\n\n<figure class=\"wp-block-gallery has-nested-images columns-default is-cropped wp-block-gallery-1 is-layout-flex wp-block-gallery-is-layout-flex\">\n<figure class=\"wp-block-image size-large\"><a href=\"https:\/\/www.formalogo.be\/wp-content\/uploads\/2025\/08\/35b7ac32a7cca381dde2af185c95ef98-2.jpg\"><img loading=\"lazy\" decoding=\"async\" width=\"791\" height=\"1024\" data-id=\"1051\" src=\"https:\/\/www.formalogo.be\/wp-content\/uploads\/2025\/08\/35b7ac32a7cca381dde2af185c95ef98-2-791x1024.jpg\" alt=\"\" class=\"wp-image-1051\" srcset=\"https:\/\/www.formalogo.be\/wp-content\/uploads\/2025\/08\/35b7ac32a7cca381dde2af185c95ef98-2-791x1024.jpg 791w, https:\/\/www.formalogo.be\/wp-content\/uploads\/2025\/08\/35b7ac32a7cca381dde2af185c95ef98-2-232x300.jpg 232w, https:\/\/www.formalogo.be\/wp-content\/uploads\/2025\/08\/35b7ac32a7cca381dde2af185c95ef98-2-768x994.jpg 768w, https:\/\/www.formalogo.be\/wp-content\/uploads\/2025\/08\/35b7ac32a7cca381dde2af185c95ef98-2-1187x1536.jpg 1187w, https:\/\/www.formalogo.be\/wp-content\/uploads\/2025\/08\/35b7ac32a7cca381dde2af185c95ef98-2-1583x2048.jpg 1583w, https:\/\/www.formalogo.be\/wp-content\/uploads\/2025\/08\/35b7ac32a7cca381dde2af185c95ef98-2-624x808.jpg 624w, https:\/\/www.formalogo.be\/wp-content\/uploads\/2025\/08\/35b7ac32a7cca381dde2af185c95ef98-2.jpg 1700w\" sizes=\"auto, (max-width: 791px) 100vw, 791px\" \/><\/a><\/figure>\n<\/figure>\n","protected":false},"excerpt":{"rendered":"<p>Le jeu MathOexpert se compose de 110&nbsp;cartes reprenant tous les types de probl\u00e8mes (changement, combinaison\/composition, comparaison) et faisant intervenir les 4 op\u00e9rations. De nombreux avantages : &#8211; Des probl\u00e8mes tant additifs (addition et soustraction) que multiplicatifs (multiplication et division) sont propos\u00e9s dans un m\u00eame jeu. &#8211; Deux niveaux de difficult\u00e9, facilement identifiables. &#8211; Le langage [&hellip;]<\/p>\n","protected":false},"author":1,"featured_media":0,"parent":65,"menu_order":0,"comment_status":"closed","ping_status":"closed","template":"","meta":{"footnotes":""},"class_list":["post-1005","page","type-page","status-publish","hentry"],"_links":{"self":[{"href":"https:\/\/www.formalogo.be\/index.php?rest_route=\/wp\/v2\/pages\/1005","targetHints":{"allow":["GET"]}}],"collection":[{"href":"https:\/\/www.formalogo.be\/index.php?rest_route=\/wp\/v2\/pages"}],"about":[{"href":"https:\/\/www.formalogo.be\/index.php?rest_route=\/wp\/v2\/types\/page"}],"author":[{"embeddable":true,"href":"https:\/\/www.formalogo.be\/index.php?rest_route=\/wp\/v2\/users\/1"}],"replies":[{"embeddable":true,"href":"https:\/\/www.formalogo.be\/index.php?rest_route=%2Fwp%2Fv2%2Fcomments&post=1005"}],"version-history":[{"count":7,"href":"https:\/\/www.formalogo.be\/index.php?rest_route=\/wp\/v2\/pages\/1005\/revisions"}],"predecessor-version":[{"id":1057,"href":"https:\/\/www.formalogo.be\/index.php?rest_route=\/wp\/v2\/pages\/1005\/revisions\/1057"}],"up":[{"embeddable":true,"href":"https:\/\/www.formalogo.be\/index.php?rest_route=\/wp\/v2\/pages\/65"}],"wp:attachment":[{"href":"https:\/\/www.formalogo.be\/index.php?rest_route=%2Fwp%2Fv2%2Fmedia&parent=1005"}],"curies":[{"name":"wp","href":"https:\/\/api.w.org\/{rel}","templated":true}]}}